{"id":1669,"date":"2022-06-28T08:50:44","date_gmt":"2022-06-28T08:50:44","guid":{"rendered":"https:\/\/tavfer.com\/privacy-politics\/"},"modified":"2022-10-23T19:27:22","modified_gmt":"2022-10-23T19:27:22","slug":"privacy-politics","status":"publish","type":"page","link":"http:\/\/tavfer.com\/en\/privacy-politics\/","title":{"rendered":"Privacy politics"},"content":{"rendered":"<p>[et_pb_section fb_built=&#8221;1&#8243; _builder_version=&#8221;4.16&#8243; global_colors_info=&#8221;{}&#8221;][et_pb_row _builder_version=&#8221;4.17.4&#8243; background_size=&#8221;initial&#8221; background_position=&#8221;top_left&#8221; background_repeat=&#8221;repeat&#8221; max_width=&#8221;700px&#8221; hover_enabled=&#8221;0&#8243; global_colors_info=&#8221;{}&#8221; sticky_enabled=&#8221;0&#8243;][et_pb_column type=&#8221;4_4&#8243; _builder_version=&#8221;4.16&#8243; custom_padding=&#8221;|||&#8221; global_colors_info=&#8221;{}&#8221; custom_padding__hover=&#8221;|||&#8221;][et_pb_text _builder_version=&#8221;4.17.6&#8243; background_size=&#8221;initial&#8221; background_position=&#8221;top_left&#8221; background_repeat=&#8221;repeat&#8221; hover_enabled=&#8221;0&#8243; global_colors_info=&#8221;{}&#8221; sticky_enabled=&#8221;0&#8243;]<\/p>\n<p><!-- divi:heading --><\/p>\n<h1 class=\"entry-title\" style=\"text-align: justify;\">Privacy politics<\/h1>\n<p>&nbsp;<\/p>\n<p>At <strong><em>Sociedade Agr\u00edcola Castro de Pena Alba, SA<\/em><\/strong> we respect your privacy and thank you for your trust. The privacy of our customers and suppliers is paramount In this Privacy Policy we explain who we are, what we may use your data for and whom we share it with, how long we keep it, as well as ways to contact us and exercise your legitimate right.<\/p>\n<p>Your data will be processed by <strong><em>Sociedade Agr\u00edcola Castro de Pena Alba, SA<\/em><\/strong> NIF 505 249 561, Estrada Nacional 17, n.18 Chamusca da Beira 3405-251 Lagos da Beira (Oliveira do Hospital)<\/p>\n<p><strong><em>Sociedade Agr\u00edcola Castro de Pena Alba, SA<\/em><\/strong> is responsible for processing personal data in accordance with the provisions of the General Data Protection Regulation.<\/p>\n<p>For questions regarding the processing of your personal data you should contact us by the following means:<\/p>\n<p>Phone: +351 232 605 810<\/p>\n<p>Email: <a href=\"mailto:sede@tavfer.com\">sede@tavfer.com<\/a><\/p>\n<p><strong>Why do we need your data?<\/strong><\/p>\n<p><strong><em>Sociedade Agr\u00edcola Castro de Pena Alba, SA<\/em><\/strong> will process your personal data for the following purposes:<\/p>\n<ul>\n<li>&#8211; Customer file management;<\/li>\n<li>&#8211; Marketing;<\/li>\n<\/ul>\n<p><strong>Will my information be shared with others?<\/strong><\/p>\n<p>Your information will not be shared with any entity other than <strong><em>Sociedade Agr\u00edcola Castro de Pena Alba, SA<\/em><\/strong>.<\/p>\n<p><strong>What are my rights?<\/strong><\/p>\n<ul>\n<li>You can ask us at any time:<\/li>\n<li>\u2013 To access the data we have about you;<\/li>\n<li>\u2013 To rectify data if it is incorrect or incomplete;<\/li>\n<li>\u2013 To delete or limit the processing of your personal data;<\/li>\n<\/ul>\n<p>Requests will be handled with special care so that we can ensure the effectiveness of your rights.<\/p>\n<p>Ser\u00e1 sempre informado das medidas tomadas decorrentes da sua solicita\u00e7\u00e3o no prazo m\u00e1ximo de um m\u00eas a partir do momento em que o pedido \u00e9 feito.<\/p>\n<p>You also have the right to lodge a complaint with the <a href=\"https:\/\/www.cnpd.pt\/\">Comiss\u00e3o Nacional de Prote\u00e7\u00e3o de Dados<\/a>.<\/p>\n<ul>\n<li>Right of access \u2013 The data subject has the right to obtain from <strong><em>Sociedade Agr\u00edcola Castro de Pena Alba, SA<\/em><\/strong> confirmation as to whether or not data concerning them are being processed and, if so, to access their personal data<\/li>\n<li>Right of rectification \u2013 The data subject has the right to obtain from <strong><em>Sociedade Agr\u00edcola Castro de Pena Alba, SA<\/em><\/strong> the rectification of incomplete or incorrect data concerning them<\/li>\n<li>Right to be forgotten \u2013 The data subject has the right to ask <strong><em>Sociedade Agr\u00edcola Castro de Pena Alba, SA<\/em><\/strong> to erase their personal data when one of the following reasons applies: The personal data is no longer necessary for the purpose for which it was collected or processed; The data subject has withdrawn consent for the data processing and there is no other ground for such processing.<\/li>\n<li>Right of opposition \u2013 You may oppose the processing of your personal data whenever the processing is carried out for direct marketing purposes or for promoting and disseminating our training offer<\/li>\n<\/ul>\n<p><strong>Can I revoke my consent later?<\/strong><\/p>\n<p>If consent is legally required for the processing of personal data, the data subject shall have the right to withdraw consent at any time, although this right will not compromise the lawfulness of the processing carried out on the basis of the consent that was previously given, nor the subsequent processing of the same data, as in the case of the fulfillment of an agreement or legal obligation to which <strong><em>Sociedade Agr\u00edcola Castro de Pena Alba, SA<\/em><\/strong> as an entity is subject.<\/p>\n<p><strong>Do you have any doubts?<\/strong><\/p>\n<p>If you have any doubts or require further clarification regarding the processing of your personal data, or if you wish to exercise any of your rights, please contact us using the channels provided above.<\/p>\n<p><strong><em>Sociedade Agr\u00edcola Castro de Pena Alba, SA<\/em><\/strong> may from time to time update its Privacy Policy, and you are encouraged to periodically review this document for updates.<\/p>\n<p>&nbsp;<\/p>\n<p><!-- \/divi:paragraph --><\/p>\n<p>[\/et_pb_text][\/et_pb_column][\/et_pb_row][\/et_pb_section]<\/p>\n","protected":false},"excerpt":{"rendered":"<p>Privacy politics &nbsp; At Sociedade Agr\u00edcola Castro de Pena Alba, SA we respect your privacy and thank you for your trust. The privacy of our customers and suppliers is paramount In this Privacy Policy we explain who we are, what we may use your data for and whom we share it with, how long we [&hellip;]<\/p>\n","protected":false},"author":1,"featured_media":0,"parent":0,"menu_order":20,"comment_status":"closed","ping_status":"closed","template":"","meta":{"_et_pb_use_builder":"on","_et_pb_old_content":"","_et_gb_content_width":"","om_disable_all_campaigns":false,"_monsterinsights_skip_tracking":false,"_monsterinsights_sitenote_active":false,"_monsterinsights_sitenote_note":"","_monsterinsights_sitenote_category":0,"footnotes":""},"class_list":["post-1669","page","type-page","status-publish","hentry"],"acf":[],"aioseo_notices":[],"yoast_head":"<!-- This site is optimized with the Yoast SEO plugin v19.3 - https:\/\/yoast.com\/wordpress\/plugins\/seo\/ -->\n<title>Privacy politics - Tavfer<\/title>\n<meta name=\"robots\" content=\"index, follow, max-snippet:-1, max-image-preview:large, max-video-preview:-1\" \/>\n<link rel=\"canonical\" href=\"https:\/\/tavfer.com\/en\/privacy-politics\/\" \/>\n<meta property=\"og:locale\" content=\"en_US\" \/>\n<meta property=\"og:type\" content=\"article\" \/>\n<meta property=\"og:title\" content=\"Privacy politics - Tavfer\" \/>\n<meta property=\"og:description\" content=\"Privacy politics &nbsp; At Sociedade Agr\u00edcola Castro de Pena Alba, SA we respect your privacy and thank you for your trust. The privacy of our customers and suppliers is paramount In this Privacy Policy we explain who we are, what we may use your data for and whom we share it with, how long we [&hellip;]\" \/>\n<meta property=\"og:url\" content=\"https:\/\/tavfer.com\/en\/privacy-politics\/\" \/>\n<meta property=\"og:site_name\" content=\"Tavfer\" \/>\n<meta property=\"article:publisher\" content=\"https:\/\/www.facebook.com\/grupotavfer\/\" \/>\n<meta property=\"article:modified_time\" content=\"2022-10-23T19:27:22+00:00\" \/>\n<meta name=\"twitter:card\" content=\"summary_large_image\" \/>\n<meta name=\"twitter:label1\" content=\"Est. reading time\" \/>\n\t<meta name=\"twitter:data1\" content=\"4 minutes\" \/>\n<script type=\"application\/ld+json\" class=\"yoast-schema-graph\">{\"@context\":\"https:\/\/schema.org\",\"@graph\":[{\"@type\":\"Organization\",\"@id\":\"http:\/\/tavfer.com\/#organization\",\"name\":\"Grupo Tavfer\",\"url\":\"http:\/\/tavfer.com\/\",\"sameAs\":[\"https:\/\/www.linkedin.com\/company\/grupo-tavfer\",\"https:\/\/www.facebook.com\/grupotavfer\/\"],\"logo\":{\"@type\":\"ImageObject\",\"inLanguage\":\"en-US\",\"@id\":\"http:\/\/tavfer.com\/#\/schema\/logo\/image\/\",\"url\":\"https:\/\/tavfer.com\/wp-content\/uploads\/2022\/06\/logo-2.png\",\"contentUrl\":\"https:\/\/tavfer.com\/wp-content\/uploads\/2022\/06\/logo-2.png\",\"width\":333,\"height\":90,\"caption\":\"Grupo Tavfer\"},\"image\":{\"@id\":\"http:\/\/tavfer.com\/#\/schema\/logo\/image\/\"}},{\"@type\":\"WebSite\",\"@id\":\"http:\/\/tavfer.com\/#website\",\"url\":\"http:\/\/tavfer.com\/\",\"name\":\"Tavfer\",\"description\":\"Por si, crescemos juntos\",\"publisher\":{\"@id\":\"http:\/\/tavfer.com\/#organization\"},\"potentialAction\":[{\"@type\":\"SearchAction\",\"target\":{\"@type\":\"EntryPoint\",\"urlTemplate\":\"http:\/\/tavfer.com\/?s={search_term_string}\"},\"query-input\":\"required name=search_term_string\"}],\"inLanguage\":\"en-US\"},{\"@type\":\"WebPage\",\"@id\":\"https:\/\/tavfer.com\/en\/privacy-politics\/\",\"url\":\"https:\/\/tavfer.com\/en\/privacy-politics\/\",\"name\":\"Privacy politics - Tavfer\",\"isPartOf\":{\"@id\":\"http:\/\/tavfer.com\/#website\"},\"datePublished\":\"2022-06-28T08:50:44+00:00\",\"dateModified\":\"2022-10-23T19:27:22+00:00\",\"breadcrumb\":{\"@id\":\"https:\/\/tavfer.com\/en\/privacy-politics\/#breadcrumb\"},\"inLanguage\":\"en-US\",\"potentialAction\":[{\"@type\":\"ReadAction\",\"target\":[\"https:\/\/tavfer.com\/en\/privacy-politics\/\"]}]},{\"@type\":\"BreadcrumbList\",\"@id\":\"https:\/\/tavfer.com\/en\/privacy-politics\/#breadcrumb\",\"itemListElement\":[{\"@type\":\"ListItem\",\"position\":1,\"name\":\"Home\",\"item\":\"https:\/\/tavfer.com\/\"},{\"@type\":\"ListItem\",\"position\":2,\"name\":\"Privacy politics\"}]}]}<\/script>\n<!-- \/ Yoast SEO plugin. -->","yoast_head_json":{"title":"Privacy politics - Tavfer","robots":{"index":"index","follow":"follow","max-snippet":"max-snippet:-1","max-image-preview":"max-image-preview:large","max-video-preview":"max-video-preview:-1"},"canonical":"https:\/\/tavfer.com\/en\/privacy-politics\/","og_locale":"en_US","og_type":"article","og_title":"Privacy politics - Tavfer","og_description":"Privacy politics &nbsp; At Sociedade Agr\u00edcola Castro de Pena Alba, SA we respect your privacy and thank you for your trust. The privacy of our customers and suppliers is paramount In this Privacy Policy we explain who we are, what we may use your data for and whom we share it with, how long we [&hellip;]","og_url":"https:\/\/tavfer.com\/en\/privacy-politics\/","og_site_name":"Tavfer","article_publisher":"https:\/\/www.facebook.com\/grupotavfer\/","article_modified_time":"2022-10-23T19:27:22+00:00","twitter_card":"summary_large_image","twitter_misc":{"Est. reading time":"4 minutes"},"schema":{"@context":"https:\/\/schema.org","@graph":[{"@type":"Organization","@id":"http:\/\/tavfer.com\/#organization","name":"Grupo Tavfer","url":"http:\/\/tavfer.com\/","sameAs":["https:\/\/www.linkedin.com\/company\/grupo-tavfer","https:\/\/www.facebook.com\/grupotavfer\/"],"logo":{"@type":"ImageObject","inLanguage":"en-US","@id":"http:\/\/tavfer.com\/#\/schema\/logo\/image\/","url":"https:\/\/tavfer.com\/wp-content\/uploads\/2022\/06\/logo-2.png","contentUrl":"https:\/\/tavfer.com\/wp-content\/uploads\/2022\/06\/logo-2.png","width":333,"height":90,"caption":"Grupo Tavfer"},"image":{"@id":"http:\/\/tavfer.com\/#\/schema\/logo\/image\/"}},{"@type":"WebSite","@id":"http:\/\/tavfer.com\/#website","url":"http:\/\/tavfer.com\/","name":"Tavfer","description":"Por si, crescemos juntos","publisher":{"@id":"http:\/\/tavfer.com\/#organization"},"potentialAction":[{"@type":"SearchAction","target":{"@type":"EntryPoint","urlTemplate":"http:\/\/tavfer.com\/?s={search_term_string}"},"query-input":"required name=search_term_string"}],"inLanguage":"en-US"},{"@type":"WebPage","@id":"https:\/\/tavfer.com\/en\/privacy-politics\/","url":"https:\/\/tavfer.com\/en\/privacy-politics\/","name":"Privacy politics - Tavfer","isPartOf":{"@id":"http:\/\/tavfer.com\/#website"},"datePublished":"2022-06-28T08:50:44+00:00","dateModified":"2022-10-23T19:27:22+00:00","breadcrumb":{"@id":"https:\/\/tavfer.com\/en\/privacy-politics\/#breadcrumb"},"inLanguage":"en-US","potentialAction":[{"@type":"ReadAction","target":["https:\/\/tavfer.com\/en\/privacy-politics\/"]}]},{"@type":"BreadcrumbList","@id":"https:\/\/tavfer.com\/en\/privacy-politics\/#breadcrumb","itemListElement":[{"@type":"ListItem","position":1,"name":"Home","item":"https:\/\/tavfer.com\/"},{"@type":"ListItem","position":2,"name":"Privacy politics"}]}]}},"_links":{"self":[{"href":"http:\/\/tavfer.com\/en\/wp-json\/wp\/v2\/pages\/1669","targetHints":{"allow":["GET"]}}],"collection":[{"href":"http:\/\/tavfer.com\/en\/wp-json\/wp\/v2\/pages"}],"about":[{"href":"http:\/\/tavfer.com\/en\/wp-json\/wp\/v2\/types\/page"}],"author":[{"embeddable":true,"href":"http:\/\/tavfer.com\/en\/wp-json\/wp\/v2\/users\/1"}],"replies":[{"embeddable":true,"href":"http:\/\/tavfer.com\/en\/wp-json\/wp\/v2\/comments?post=1669"}],"version-history":[{"count":2,"href":"http:\/\/tavfer.com\/en\/wp-json\/wp\/v2\/pages\/1669\/revisions"}],"predecessor-version":[{"id":1671,"href":"http:\/\/tavfer.com\/en\/wp-json\/wp\/v2\/pages\/1669\/revisions\/1671"}],"wp:attachment":[{"href":"http:\/\/tavfer.com\/en\/wp-json\/wp\/v2\/media?parent=1669"}],"curies":[{"name":"wp","href":"https:\/\/api.w.org\/{rel}","templated":true}]}}