{"id":1722,"date":"2022-06-28T08:50:44","date_gmt":"2022-06-28T08:50:44","guid":{"rendered":"https:\/\/tavfer.com\/politica-de-privacidad\/"},"modified":"2023-03-31T12:12:38","modified_gmt":"2023-03-31T12:12:38","slug":"politica-de-privacidad","status":"publish","type":"page","link":"http:\/\/tavfer.com\/es\/politica-de-privacidad\/","title":{"rendered":"Pol\u00edtica de privacidad"},"content":{"rendered":"<p>[et_pb_section fb_built=&#8221;1&#8243; _builder_version=&#8221;4.16&#8243; global_colors_info=&#8221;{}&#8221;][et_pb_row _builder_version=&#8221;4.17.4&#8243; background_size=&#8221;initial&#8221; background_position=&#8221;top_left&#8221; background_repeat=&#8221;repeat&#8221; max_width=&#8221;700px&#8221; global_colors_info=&#8221;{}&#8221;][et_pb_column type=&#8221;4_4&#8243; _builder_version=&#8221;4.16&#8243; custom_padding=&#8221;|||&#8221; global_colors_info=&#8221;{}&#8221; custom_padding__hover=&#8221;|||&#8221;][et_pb_text _builder_version=&#8221;4.17.6&#8243; header_6_font_size=&#8221;10px&#8221; background_size=&#8221;initial&#8221; background_position=&#8221;top_left&#8221; background_repeat=&#8221;repeat&#8221; global_colors_info=&#8221;{}&#8221;]<!-- divi:heading --><\/p>\n<h1 class=\"entry-title\" style=\"text-align: justify;\">Pol\u00edtica de privacidad<\/h1>\n<p>&nbsp;<\/p>\n<p>En <span>TAVFER SGPS, S.A<\/span>. respetamos su privacidad y le agradecemos su confianza. La privacidad de nuestros clientes y proveedores es primordial. En esta Pol\u00edtica de Privacidad le explicamos qui\u00e9nes somos, para qu\u00e9 podemos utilizar sus datos, con qui\u00e9n los compartimos, durante cu\u00e1nto tiempo los conservamos, as\u00ed como las formas de ponerse en contacto con nosotros y de ejercer su leg\u00edtimo derecho.<\/p>\n<p>Sus datos ser\u00e1n tratados por <span>TAVFER SGPS, S.A<\/span>. NIF <span>505 249 561<\/span>, <span>Rua Virg\u00edlio Correia, n\u00ba41 2\u00baEsq 1600-221 Lisboa<\/span>.<\/p>\n<p><span>TAVFER SGPS, S.A.<\/span> es responsable del tratamiento de los datos personales de conformidad con el Reglamento General de Protecci\u00f3n de Datos.<\/p>\n<p>Si tiene preguntas sobre el tratamiento de sus datos personales, p\u00f3ngase en contacto con nosotros por los siguientes medios:<\/p>\n<p>Tel\u00e9fono: +351 232 605 810<\/p>\n<h6>Coste de una llamada a una red fija nacional.<\/h6>\n<p>Correo electr\u00f3nico: <a href=\"mailto:sede@tavfer.com\">sede@tavfer.com<\/a><\/p>\n<p><strong>\u00bfPor qu\u00e9 necesitamos sus datos?<\/strong><\/p>\n<p><span>TAVFER SGPS, S.A.<\/span> tratar\u00e1 sus datos personales para los siguientes fines:<\/p>\n<ul>\n<li>Gesti\u00f3n de clientes;<\/li>\n<li>Marketing;<\/li>\n<\/ul>\n<p><strong>\u00bfSe compartir\u00e1 mi informaci\u00f3n con otros?<\/strong><\/p>\n<p>No, sus datos no ser\u00e1n compartidos ni cedidos por <span>TAVFER SGPS, S.A.<\/span><\/p>\n<p><strong>\u00bfCu\u00e1les son mis derechos?<\/strong><\/p>\n<ul>\n<li>Puede preguntarnos en cualquier momento:<\/li>\n<li>Acceso a la informaci\u00f3n que tenemos sobre usted;<\/li>\n<li>La rectificaci\u00f3n de la informaci\u00f3n si es incorrecta o incompleta;<\/li>\n<li>Suprimir o limitar el tratamiento de sus datos personales;<\/li>\n<\/ul>\n<p>Las solicitudes se tratar\u00e1n con especial cuidado para que podamos garantizar la efectividad de sus derechos.<\/p>\n<p>Siempre se le informar\u00e1 de las medidas adoptadas a ra\u00edz de su solicitud en el plazo de un mes desde la presentaci\u00f3n de la misma.<\/p>\n<p>Tambi\u00e9n tiene derecho a presentar una reclamaci\u00f3n ante la <a href=\"https:\/\/www.cnpd.pt\/\">Comisi\u00f3n Nacional de Protecci\u00f3n de<\/a> Datos.<\/p>\n<ul>\n<li>Derecho de acceso &#8211; El titular de los datos personales tiene derecho a obtener de <strong>TAVFER SGPS, S.A.<\/strong> confirmaci\u00f3n de si se est\u00e1n tratando o no datos que le conciernan y, en su caso, acceder a sus datos personales.<\/li>\n<li>Derecho de rectificaci\u00f3n &#8211; El titular de los datos personales tiene derecho a obtener de <span>TAVFER SGPS, S.A<\/span>. la rectificaci\u00f3n de los datos incompletos o incorrectos que le conciernan.<\/li>\n<li>Derecho al olvido &#8211; El titular de datos personales tiene derecho a solicitar al  <span>TAVFER SGPS, S.A.<\/span>suprimir los datos personales cuando concurra uno de los motivos siguientes Los datos personales ya no son necesarios para los fines para los que fueron recogidos o tratados; El interesado ha retirado su consentimiento al tratamiento de datos y no existe ning\u00fan otro motivo para dicho tratamiento.<\/li>\n<li>Derecho de oposici\u00f3n &#8211; Puede oponerse al tratamiento de sus datos personales cuando el tratamiento se lleve a cabo con fines de marketing directo o promocional.<\/li>\n<\/ul>\n<p><strong>\u00bfPuedo revocar mi consentimiento posteriormente?<\/strong><\/p>\n<p>Si el consentimiento es legalmente necesario para el tratamiento de datos personales, el interesado tendr\u00e1 derecho a retirar su consentimiento en cualquier momento, si bien este derecho no afectar\u00e1 a la licitud del tratamiento basado en el consentimiento previamente otorgado, ni al tratamiento posterior de los mismos datos, como la ejecuci\u00f3n del contrato o de la obligaci\u00f3n legal a la que el  <span>TAVFER SGPS, S.A.<\/span>como entidad est\u00e1 sujeta.<\/p>\n<p><strong>\u00bfTiene alguna pregunta?<\/strong><\/p>\n<p>Si tiene alguna duda o necesita m\u00e1s aclaraciones sobre el tratamiento de sus datos personales, o desea ejercer alguno de sus derechos, p\u00f3ngase en contacto con nosotros a trav\u00e9s de los canales indicados anteriormente.<\/p>\n<p><span>TAVFER SGPS, S.A.<\/span> puede actualizar ocasionalmente su Pol\u00edtica de Privacidad, por lo que le rogamos que revise peri\u00f3dicamente este documento para mantenerlo actualizado.<\/p>\n<p>&nbsp;<\/p>\n<p>&nbsp;<\/p>\n<p>&nbsp;<\/p>\n<p>&nbsp;<\/p>\n<p><!-- \/divi:paragraph -->[\/et_pb_text][\/et_pb_column][\/et_pb_row][\/et_pb_section]<\/p>\n","protected":false},"excerpt":{"rendered":"<p>Pol\u00edtica de privacidad &nbsp; En TAVFER SGPS, S.A. respetamos su privacidad y le agradecemos su confianza. La privacidad de nuestros clientes y proveedores es primordial. En esta Pol\u00edtica de Privacidad le explicamos qui\u00e9nes somos, para qu\u00e9 podemos utilizar sus datos, con qui\u00e9n los compartimos, durante cu\u00e1nto tiempo los conservamos, as\u00ed como las formas de ponerse [&hellip;]<\/p>\n","protected":false},"author":1,"featured_media":0,"parent":0,"menu_order":20,"comment_status":"closed","ping_status":"closed","template":"","meta":{"_et_pb_use_builder":"on","_et_pb_old_content":"","_et_gb_content_width":"","om_disable_all_campaigns":false,"_monsterinsights_skip_tracking":false,"_monsterinsights_sitenote_active":false,"_monsterinsights_sitenote_note":"","_monsterinsights_sitenote_category":0,"footnotes":""},"class_list":["post-1722","page","type-page","status-publish","hentry"],"acf":[],"aioseo_notices":[],"yoast_head":"<!-- This site is optimized with the Yoast SEO plugin v19.3 - https:\/\/yoast.com\/wordpress\/plugins\/seo\/ -->\n<title>Pol\u00edtica de privacidad - Tavfer<\/title>\n<meta name=\"robots\" content=\"index, follow, max-snippet:-1, max-image-preview:large, max-video-preview:-1\" \/>\n<link rel=\"canonical\" href=\"https:\/\/tavfer.com\/es\/politica-de-privacidad\/\" \/>\n<meta property=\"og:locale\" content=\"es_ES\" \/>\n<meta property=\"og:type\" content=\"article\" \/>\n<meta property=\"og:title\" content=\"Pol\u00edtica de privacidad - Tavfer\" \/>\n<meta property=\"og:description\" content=\"Pol\u00edtica de privacidad &nbsp; En TAVFER SGPS, S.A. respetamos su privacidad y le agradecemos su confianza. La privacidad de nuestros clientes y proveedores es primordial. En esta Pol\u00edtica de Privacidad le explicamos qui\u00e9nes somos, para qu\u00e9 podemos utilizar sus datos, con qui\u00e9n los compartimos, durante cu\u00e1nto tiempo los conservamos, as\u00ed como las formas de ponerse [&hellip;]\" \/>\n<meta property=\"og:url\" content=\"https:\/\/tavfer.com\/es\/politica-de-privacidad\/\" \/>\n<meta property=\"og:site_name\" content=\"Tavfer\" \/>\n<meta property=\"article:publisher\" content=\"https:\/\/www.facebook.com\/grupotavfer\/\" \/>\n<meta property=\"article:modified_time\" content=\"2023-03-31T12:12:38+00:00\" \/>\n<meta name=\"twitter:card\" content=\"summary_large_image\" \/>\n<meta name=\"twitter:label1\" content=\"Tiempo de lectura\" \/>\n\t<meta name=\"twitter:data1\" content=\"3 minutos\" \/>\n<script type=\"application\/ld+json\" class=\"yoast-schema-graph\">{\"@context\":\"https:\/\/schema.org\",\"@graph\":[{\"@type\":\"Organization\",\"@id\":\"http:\/\/tavfer.com\/#organization\",\"name\":\"Grupo Tavfer\",\"url\":\"http:\/\/tavfer.com\/\",\"sameAs\":[\"https:\/\/www.linkedin.com\/company\/grupo-tavfer\",\"https:\/\/www.facebook.com\/grupotavfer\/\"],\"logo\":{\"@type\":\"ImageObject\",\"inLanguage\":\"es\",\"@id\":\"http:\/\/tavfer.com\/#\/schema\/logo\/image\/\",\"url\":\"https:\/\/tavfer.com\/wp-content\/uploads\/2022\/06\/logo-2.png\",\"contentUrl\":\"https:\/\/tavfer.com\/wp-content\/uploads\/2022\/06\/logo-2.png\",\"width\":333,\"height\":90,\"caption\":\"Grupo Tavfer\"},\"image\":{\"@id\":\"http:\/\/tavfer.com\/#\/schema\/logo\/image\/\"}},{\"@type\":\"WebSite\",\"@id\":\"http:\/\/tavfer.com\/#website\",\"url\":\"http:\/\/tavfer.com\/\",\"name\":\"Tavfer\",\"description\":\"Por si, crescemos juntos\",\"publisher\":{\"@id\":\"http:\/\/tavfer.com\/#organization\"},\"potentialAction\":[{\"@type\":\"SearchAction\",\"target\":{\"@type\":\"EntryPoint\",\"urlTemplate\":\"http:\/\/tavfer.com\/?s={search_term_string}\"},\"query-input\":\"required name=search_term_string\"}],\"inLanguage\":\"es\"},{\"@type\":\"WebPage\",\"@id\":\"https:\/\/tavfer.com\/es\/politica-de-privacidad\/\",\"url\":\"https:\/\/tavfer.com\/es\/politica-de-privacidad\/\",\"name\":\"Pol\u00edtica de privacidad - Tavfer\",\"isPartOf\":{\"@id\":\"http:\/\/tavfer.com\/#website\"},\"datePublished\":\"2022-06-28T08:50:44+00:00\",\"dateModified\":\"2023-03-31T12:12:38+00:00\",\"breadcrumb\":{\"@id\":\"https:\/\/tavfer.com\/es\/politica-de-privacidad\/#breadcrumb\"},\"inLanguage\":\"es\",\"potentialAction\":[{\"@type\":\"ReadAction\",\"target\":[\"https:\/\/tavfer.com\/es\/politica-de-privacidad\/\"]}]},{\"@type\":\"BreadcrumbList\",\"@id\":\"https:\/\/tavfer.com\/es\/politica-de-privacidad\/#breadcrumb\",\"itemListElement\":[{\"@type\":\"ListItem\",\"position\":1,\"name\":\"Home\",\"item\":\"https:\/\/tavfer.com\/\"},{\"@type\":\"ListItem\",\"position\":2,\"name\":\"Pol\u00edtica de privacidad\"}]}]}<\/script>\n<!-- \/ Yoast SEO plugin. -->","yoast_head_json":{"title":"Pol\u00edtica de privacidad - Tavfer","robots":{"index":"index","follow":"follow","max-snippet":"max-snippet:-1","max-image-preview":"max-image-preview:large","max-video-preview":"max-video-preview:-1"},"canonical":"https:\/\/tavfer.com\/es\/politica-de-privacidad\/","og_locale":"es_ES","og_type":"article","og_title":"Pol\u00edtica de privacidad - Tavfer","og_description":"Pol\u00edtica de privacidad &nbsp; En TAVFER SGPS, S.A. respetamos su privacidad y le agradecemos su confianza. La privacidad de nuestros clientes y proveedores es primordial. En esta Pol\u00edtica de Privacidad le explicamos qui\u00e9nes somos, para qu\u00e9 podemos utilizar sus datos, con qui\u00e9n los compartimos, durante cu\u00e1nto tiempo los conservamos, as\u00ed como las formas de ponerse [&hellip;]","og_url":"https:\/\/tavfer.com\/es\/politica-de-privacidad\/","og_site_name":"Tavfer","article_publisher":"https:\/\/www.facebook.com\/grupotavfer\/","article_modified_time":"2023-03-31T12:12:38+00:00","twitter_card":"summary_large_image","twitter_misc":{"Tiempo de lectura":"3 minutos"},"schema":{"@context":"https:\/\/schema.org","@graph":[{"@type":"Organization","@id":"http:\/\/tavfer.com\/#organization","name":"Grupo Tavfer","url":"http:\/\/tavfer.com\/","sameAs":["https:\/\/www.linkedin.com\/company\/grupo-tavfer","https:\/\/www.facebook.com\/grupotavfer\/"],"logo":{"@type":"ImageObject","inLanguage":"es","@id":"http:\/\/tavfer.com\/#\/schema\/logo\/image\/","url":"https:\/\/tavfer.com\/wp-content\/uploads\/2022\/06\/logo-2.png","contentUrl":"https:\/\/tavfer.com\/wp-content\/uploads\/2022\/06\/logo-2.png","width":333,"height":90,"caption":"Grupo Tavfer"},"image":{"@id":"http:\/\/tavfer.com\/#\/schema\/logo\/image\/"}},{"@type":"WebSite","@id":"http:\/\/tavfer.com\/#website","url":"http:\/\/tavfer.com\/","name":"Tavfer","description":"Por si, crescemos juntos","publisher":{"@id":"http:\/\/tavfer.com\/#organization"},"potentialAction":[{"@type":"SearchAction","target":{"@type":"EntryPoint","urlTemplate":"http:\/\/tavfer.com\/?s={search_term_string}"},"query-input":"required name=search_term_string"}],"inLanguage":"es"},{"@type":"WebPage","@id":"https:\/\/tavfer.com\/es\/politica-de-privacidad\/","url":"https:\/\/tavfer.com\/es\/politica-de-privacidad\/","name":"Pol\u00edtica de privacidad - Tavfer","isPartOf":{"@id":"http:\/\/tavfer.com\/#website"},"datePublished":"2022-06-28T08:50:44+00:00","dateModified":"2023-03-31T12:12:38+00:00","breadcrumb":{"@id":"https:\/\/tavfer.com\/es\/politica-de-privacidad\/#breadcrumb"},"inLanguage":"es","potentialAction":[{"@type":"ReadAction","target":["https:\/\/tavfer.com\/es\/politica-de-privacidad\/"]}]},{"@type":"BreadcrumbList","@id":"https:\/\/tavfer.com\/es\/politica-de-privacidad\/#breadcrumb","itemListElement":[{"@type":"ListItem","position":1,"name":"Home","item":"https:\/\/tavfer.com\/"},{"@type":"ListItem","position":2,"name":"Pol\u00edtica de privacidad"}]}]}},"_links":{"self":[{"href":"http:\/\/tavfer.com\/es\/wp-json\/wp\/v2\/pages\/1722","targetHints":{"allow":["GET"]}}],"collection":[{"href":"http:\/\/tavfer.com\/es\/wp-json\/wp\/v2\/pages"}],"about":[{"href":"http:\/\/tavfer.com\/es\/wp-json\/wp\/v2\/types\/page"}],"author":[{"embeddable":true,"href":"http:\/\/tavfer.com\/es\/wp-json\/wp\/v2\/users\/1"}],"replies":[{"embeddable":true,"href":"http:\/\/tavfer.com\/es\/wp-json\/wp\/v2\/comments?post=1722"}],"version-history":[{"count":2,"href":"http:\/\/tavfer.com\/es\/wp-json\/wp\/v2\/pages\/1722\/revisions"}],"predecessor-version":[{"id":2256,"href":"http:\/\/tavfer.com\/es\/wp-json\/wp\/v2\/pages\/1722\/revisions\/2256"}],"wp:attachment":[{"href":"http:\/\/tavfer.com\/es\/wp-json\/wp\/v2\/media?parent=1722"}],"curies":[{"name":"wp","href":"https:\/\/api.w.org\/{rel}","templated":true}]}}