{"id":1733,"date":"2022-06-28T08:50:44","date_gmt":"2022-06-28T08:50:44","guid":{"rendered":"https:\/\/tavfer.com\/politique-de-confidentialite\/"},"modified":"2023-03-31T12:12:38","modified_gmt":"2023-03-31T12:12:38","slug":"politique-de-confidentialite","status":"publish","type":"page","link":"http:\/\/tavfer.com\/fr\/politique-de-confidentialite\/","title":{"rendered":"Politique de confidentialit\u00e9"},"content":{"rendered":"<p>[et_pb_section fb_built=&#8221;1&#8243; _builder_version=&#8221;4.16&#8243; global_colors_info=&#8221;{}&#8221;][et_pb_row _builder_version=&#8221;4.17.4&#8243; background_size=&#8221;initial&#8221; background_position=&#8221;top_left&#8221; background_repeat=&#8221;repeat&#8221; max_width=&#8221;700px&#8221; global_colors_info=&#8221;{}&#8221;][et_pb_column type=&#8221;4_4&#8243; _builder_version=&#8221;4.16&#8243; custom_padding=&#8221;|||&#8221; global_colors_info=&#8221;{}&#8221; custom_padding__hover=&#8221;|||&#8221;][et_pb_text _builder_version=&#8221;4.17.6&#8243; header_6_font_size=&#8221;10px&#8221; background_size=&#8221;initial&#8221; background_position=&#8221;top_left&#8221; background_repeat=&#8221;repeat&#8221; global_colors_info=&#8221;{}&#8221;]<!-- divi:heading --><\/p>\n<h1 class=\"entry-title\" style=\"text-align: justify;\">Politique de confidentialit\u00e9<\/h1>\n<p>&nbsp;<\/p>\n<p>Chez <span>TAVFER SGPS, S.A.,<\/span> nous respectons votre vie priv\u00e9e et vous remercions de votre confiance. La protection de la vie priv\u00e9e de nos clients et de nos fournisseurs est primordiale. Dans cette politique de confidentialit\u00e9, nous expliquons qui nous sommes, \u00e0 quelles fins nous pouvons utiliser vos donn\u00e9es, avec qui nous les partageons, combien de temps nous les conservons, ainsi que les moyens de nous contacter et d&#8217;exercer votre droit l\u00e9gitime.<\/p>\n<p>Vos donn\u00e9es seront trait\u00e9es par <span>TAVFER SGPS, S.A.<\/span> NIF <span>505 249 561<\/span>, <span>Rua Virg\u00edlio Correia, n\u00ba41 2\u00baEsq 1600-221 Lisbonne<\/span>.<\/p>\n<p><span>TAVFER SGPS, S.A.<\/span> est responsable du traitement des donn\u00e9es personnelles conform\u00e9ment au r\u00e8glement g\u00e9n\u00e9ral sur la protection des donn\u00e9es.<\/p>\n<p>Pour toute question concernant le traitement de vos donn\u00e9es personnelles, vous devez nous contacter par les moyens suivants :<\/p>\n<p>T\u00e9l\u00e9phone : +351 232 605 810<\/p>\n<h6>Co\u00fbt d&#8217;un appel vers un r\u00e9seau fixe national.<\/h6>\n<p>Courriel : <a href=\"mailto:sede@tavfer.com\">sede@tavfer.com<\/a><\/p>\n<p><strong>Pourquoi avons-nous besoin de vos informations ?<\/strong><\/p>\n<p><span>TAVFER SGPS, S.A.<\/span> traitera vos donn\u00e9es personnelles aux fins suivantes :<\/p>\n<ul>\n<li>Gestion des clients ;<\/li>\n<li>Marketing ;<\/li>\n<\/ul>\n<p><strong>Mes informations seront-elles communiqu\u00e9es \u00e0 d&#8217;autres personnes ?<\/strong><\/p>\n<p>Non, vos informations ne seront pas partag\u00e9es ou transmises par <span>TAVFER SGPS, S.A.<\/span><\/p>\n<p><strong>Quels sont mes droits ?<\/strong><\/p>\n<ul>\n<li>Vous pouvez nous le demander \u00e0 tout moment :<\/li>\n<li>Acc\u00e8s aux informations que nous d\u00e9tenons sur vous ;<\/li>\n<li>La rectification des informations si elles sont incorrectes ou incompl\u00e8tes ;<\/li>\n<li>Supprimer ou limiter le traitement de vos donn\u00e9es personnelles ;<\/li>\n<\/ul>\n<p>Les demandes seront trait\u00e9es avec une attention particuli\u00e8re afin de garantir l&#8217;efficacit\u00e9 de vos droits.<\/p>\n<p>Vous serez toujours inform\u00e9 des suites donn\u00e9es \u00e0 votre demande dans un d\u00e9lai d&#8217;un mois \u00e0 compter de celle-ci.<\/p>\n<p>Vous avez \u00e9galement le droit d&#8217;introduire une plainte aupr\u00e8s de la <a href=\"https:\/\/www.cnpd.pt\/\">Commission nationale pour la protection des donn\u00e9es<\/a>.<\/p>\n<ul>\n<li>Droit d&#8217;acc\u00e8s &#8211; Le titulaire de donn\u00e9es \u00e0 caract\u00e8re personnel a le droit d&#8217;obtenir de <strong>TAVFER SGPS, S.A.<\/strong> la confirmation que des donn\u00e9es le concernant font ou ne font pas l&#8217;objet d&#8217;un traitement et, le cas \u00e9ch\u00e9ant, l&#8217;acc\u00e8s \u00e0 ses donn\u00e9es \u00e0 caract\u00e8re personnel<\/li>\n<li>Droit de rectification &#8211; Le titulaire des donn\u00e9es personnelles a le droit d&#8217;obtenir de <span>TAVFER SGPS, S.A.<\/span> la rectification des donn\u00e9es incompl\u00e8tes ou inexactes le concernant.<\/li>\n<li>Droit \u00e0 l&#8217;oubli &#8211; Le d\u00e9tenteur de donn\u00e9es \u00e0 caract\u00e8re personnel a le droit de demander \u00e0 l&#8217;autorit\u00e9 comp\u00e9tente d&#8217;effacer ces donn\u00e9es.  <span>TAVFER SGPS, S.A.<\/span>d&#8217;effacer des donn\u00e9es \u00e0 caract\u00e8re personnel lorsque l&#8217;un des motifs suivants s&#8217;applique : Les donn\u00e9es \u00e0 caract\u00e8re personnel ne sont plus n\u00e9cessaires aux fins pour lesquelles elles ont \u00e9t\u00e9 collect\u00e9es ou trait\u00e9es ; La personne concern\u00e9e a retir\u00e9 son consentement au traitement des donn\u00e9es et il n&#8217;y a pas d&#8217;autre motif pour ce traitement.<\/li>\n<li>Droit d&#8217;opposition &#8211; Vous pouvez vous opposer au traitement de vos donn\u00e9es personnelles lorsque le traitement est effectu\u00e9 \u00e0 des fins de marketing direct ou de promotion.<\/li>\n<\/ul>\n<p><strong>Puis-je r\u00e9voquer mon consentement \u00e0 une date ult\u00e9rieure ?<\/strong><\/p>\n<p>Si le consentement est l\u00e9galement requis pour le traitement de donn\u00e9es \u00e0 caract\u00e8re personnel, la personne concern\u00e9e a le droit de retirer son consentement \u00e0 tout moment, bien que ce droit n&#8217;affecte pas la l\u00e9galit\u00e9 du traitement fond\u00e9 sur le consentement pr\u00e9c\u00e9demment donn\u00e9, ni le traitement ult\u00e9rieur des m\u00eames donn\u00e9es, tel que l&#8217;ex\u00e9cution du contrat ou de l&#8217;obligation l\u00e9gale \u00e0 laquelle le consentement a \u00e9t\u00e9 donn\u00e9, ni le traitement ult\u00e9rieur des m\u00eames donn\u00e9es, tel que l&#8217;ex\u00e9cution du contrat ou de l&#8217;obligation l\u00e9gale \u00e0 laquelle le consentement a \u00e9t\u00e9 donn\u00e9.  <span>TAVFER SGPS, S.A.<\/span>en tant qu&#8217;entit\u00e9 est sujet.<\/p>\n<p><strong>Avez-vous des questions ?<\/strong><\/p>\n<p>Si vous avez des doutes ou si vous souhaitez obtenir des pr\u00e9cisions sur le traitement de vos donn\u00e9es personnelles, ou si vous souhaitez exercer l&#8217;un de vos droits, veuillez nous contacter en utilisant les canaux indiqu\u00e9s ci-dessus.<\/p>\n<p><span>TAVFER SGPS, S.A.<\/span> peut occasionnellement mettre \u00e0 jour sa politique de confidentialit\u00e9, et vous \u00eates invit\u00e9 \u00e0 consulter r\u00e9guli\u00e8rement ce document pour le tenir \u00e0 jour.<\/p>\n<p>&nbsp;<\/p>\n<p>&nbsp;<\/p>\n<p>&nbsp;<\/p>\n<p>&nbsp;<\/p>\n<p><!-- \/divi:paragraph -->[\/et_pb_text][\/et_pb_column][\/et_pb_row][\/et_pb_section]<\/p>\n","protected":false},"excerpt":{"rendered":"<p>Politique de confidentialit\u00e9 &nbsp; Chez TAVFER SGPS, S.A., nous respectons votre vie priv\u00e9e et vous remercions de votre confiance. La protection de la vie priv\u00e9e de nos clients et de nos fournisseurs est primordiale. Dans cette politique de confidentialit\u00e9, nous expliquons qui nous sommes, \u00e0 quelles fins nous pouvons utiliser vos donn\u00e9es, avec qui nous [&hellip;]<\/p>\n","protected":false},"author":1,"featured_media":0,"parent":0,"menu_order":20,"comment_status":"closed","ping_status":"closed","template":"","meta":{"_et_pb_use_builder":"on","_et_pb_old_content":"","_et_gb_content_width":"","om_disable_all_campaigns":false,"_monsterinsights_skip_tracking":false,"_monsterinsights_sitenote_active":false,"_monsterinsights_sitenote_note":"","_monsterinsights_sitenote_category":0,"footnotes":""},"class_list":["post-1733","page","type-page","status-publish","hentry"],"acf":[],"aioseo_notices":[],"yoast_head":"<!-- This site is optimized with the Yoast SEO plugin v19.3 - https:\/\/yoast.com\/wordpress\/plugins\/seo\/ -->\n<title>Politique de confidentialit\u00e9 - Tavfer<\/title>\n<meta name=\"robots\" content=\"index, follow, max-snippet:-1, max-image-preview:large, max-video-preview:-1\" \/>\n<link rel=\"canonical\" href=\"https:\/\/tavfer.com\/fr\/politique-de-confidentialite\/\" \/>\n<meta property=\"og:locale\" content=\"fr_FR\" \/>\n<meta property=\"og:type\" content=\"article\" \/>\n<meta property=\"og:title\" content=\"Politique de confidentialit\u00e9 - Tavfer\" \/>\n<meta property=\"og:description\" content=\"Politique de confidentialit\u00e9 &nbsp; Chez TAVFER SGPS, S.A., nous respectons votre vie priv\u00e9e et vous remercions de votre confiance. La protection de la vie priv\u00e9e de nos clients et de nos fournisseurs est primordiale. Dans cette politique de confidentialit\u00e9, nous expliquons qui nous sommes, \u00e0 quelles fins nous pouvons utiliser vos donn\u00e9es, avec qui nous [&hellip;]\" \/>\n<meta property=\"og:url\" content=\"https:\/\/tavfer.com\/fr\/politique-de-confidentialite\/\" \/>\n<meta property=\"og:site_name\" content=\"Tavfer\" \/>\n<meta property=\"article:publisher\" content=\"https:\/\/www.facebook.com\/grupotavfer\/\" \/>\n<meta property=\"article:modified_time\" content=\"2023-03-31T12:12:38+00:00\" \/>\n<meta name=\"twitter:card\" content=\"summary_large_image\" \/>\n<meta name=\"twitter:label1\" content=\"Dur\u00e9e de lecture estim\u00e9e\" \/>\n\t<meta name=\"twitter:data1\" content=\"4 minutes\" \/>\n<script type=\"application\/ld+json\" class=\"yoast-schema-graph\">{\"@context\":\"https:\/\/schema.org\",\"@graph\":[{\"@type\":\"Organization\",\"@id\":\"http:\/\/tavfer.com\/#organization\",\"name\":\"Grupo Tavfer\",\"url\":\"http:\/\/tavfer.com\/\",\"sameAs\":[\"https:\/\/www.linkedin.com\/company\/grupo-tavfer\",\"https:\/\/www.facebook.com\/grupotavfer\/\"],\"logo\":{\"@type\":\"ImageObject\",\"inLanguage\":\"fr-FR\",\"@id\":\"http:\/\/tavfer.com\/#\/schema\/logo\/image\/\",\"url\":\"https:\/\/tavfer.com\/wp-content\/uploads\/2022\/06\/logo-2.png\",\"contentUrl\":\"https:\/\/tavfer.com\/wp-content\/uploads\/2022\/06\/logo-2.png\",\"width\":333,\"height\":90,\"caption\":\"Grupo Tavfer\"},\"image\":{\"@id\":\"http:\/\/tavfer.com\/#\/schema\/logo\/image\/\"}},{\"@type\":\"WebSite\",\"@id\":\"http:\/\/tavfer.com\/#website\",\"url\":\"http:\/\/tavfer.com\/\",\"name\":\"Tavfer\",\"description\":\"Por si, crescemos juntos\",\"publisher\":{\"@id\":\"http:\/\/tavfer.com\/#organization\"},\"potentialAction\":[{\"@type\":\"SearchAction\",\"target\":{\"@type\":\"EntryPoint\",\"urlTemplate\":\"http:\/\/tavfer.com\/?s={search_term_string}\"},\"query-input\":\"required name=search_term_string\"}],\"inLanguage\":\"fr-FR\"},{\"@type\":\"WebPage\",\"@id\":\"https:\/\/tavfer.com\/fr\/politique-de-confidentialite\/\",\"url\":\"https:\/\/tavfer.com\/fr\/politique-de-confidentialite\/\",\"name\":\"Politique de confidentialit\u00e9 - Tavfer\",\"isPartOf\":{\"@id\":\"http:\/\/tavfer.com\/#website\"},\"datePublished\":\"2022-06-28T08:50:44+00:00\",\"dateModified\":\"2023-03-31T12:12:38+00:00\",\"breadcrumb\":{\"@id\":\"https:\/\/tavfer.com\/fr\/politique-de-confidentialite\/#breadcrumb\"},\"inLanguage\":\"fr-FR\",\"potentialAction\":[{\"@type\":\"ReadAction\",\"target\":[\"https:\/\/tavfer.com\/fr\/politique-de-confidentialite\/\"]}]},{\"@type\":\"BreadcrumbList\",\"@id\":\"https:\/\/tavfer.com\/fr\/politique-de-confidentialite\/#breadcrumb\",\"itemListElement\":[{\"@type\":\"ListItem\",\"position\":1,\"name\":\"Home\",\"item\":\"https:\/\/tavfer.com\/\"},{\"@type\":\"ListItem\",\"position\":2,\"name\":\"Politique de confidentialit\u00e9\"}]}]}<\/script>\n<!-- \/ Yoast SEO plugin. -->","yoast_head_json":{"title":"Politique de confidentialit\u00e9 - Tavfer","robots":{"index":"index","follow":"follow","max-snippet":"max-snippet:-1","max-image-preview":"max-image-preview:large","max-video-preview":"max-video-preview:-1"},"canonical":"https:\/\/tavfer.com\/fr\/politique-de-confidentialite\/","og_locale":"fr_FR","og_type":"article","og_title":"Politique de confidentialit\u00e9 - Tavfer","og_description":"Politique de confidentialit\u00e9 &nbsp; Chez TAVFER SGPS, S.A., nous respectons votre vie priv\u00e9e et vous remercions de votre confiance. La protection de la vie priv\u00e9e de nos clients et de nos fournisseurs est primordiale. Dans cette politique de confidentialit\u00e9, nous expliquons qui nous sommes, \u00e0 quelles fins nous pouvons utiliser vos donn\u00e9es, avec qui nous [&hellip;]","og_url":"https:\/\/tavfer.com\/fr\/politique-de-confidentialite\/","og_site_name":"Tavfer","article_publisher":"https:\/\/www.facebook.com\/grupotavfer\/","article_modified_time":"2023-03-31T12:12:38+00:00","twitter_card":"summary_large_image","twitter_misc":{"Dur\u00e9e de lecture estim\u00e9e":"4 minutes"},"schema":{"@context":"https:\/\/schema.org","@graph":[{"@type":"Organization","@id":"http:\/\/tavfer.com\/#organization","name":"Grupo Tavfer","url":"http:\/\/tavfer.com\/","sameAs":["https:\/\/www.linkedin.com\/company\/grupo-tavfer","https:\/\/www.facebook.com\/grupotavfer\/"],"logo":{"@type":"ImageObject","inLanguage":"fr-FR","@id":"http:\/\/tavfer.com\/#\/schema\/logo\/image\/","url":"https:\/\/tavfer.com\/wp-content\/uploads\/2022\/06\/logo-2.png","contentUrl":"https:\/\/tavfer.com\/wp-content\/uploads\/2022\/06\/logo-2.png","width":333,"height":90,"caption":"Grupo Tavfer"},"image":{"@id":"http:\/\/tavfer.com\/#\/schema\/logo\/image\/"}},{"@type":"WebSite","@id":"http:\/\/tavfer.com\/#website","url":"http:\/\/tavfer.com\/","name":"Tavfer","description":"Por si, crescemos juntos","publisher":{"@id":"http:\/\/tavfer.com\/#organization"},"potentialAction":[{"@type":"SearchAction","target":{"@type":"EntryPoint","urlTemplate":"http:\/\/tavfer.com\/?s={search_term_string}"},"query-input":"required name=search_term_string"}],"inLanguage":"fr-FR"},{"@type":"WebPage","@id":"https:\/\/tavfer.com\/fr\/politique-de-confidentialite\/","url":"https:\/\/tavfer.com\/fr\/politique-de-confidentialite\/","name":"Politique de confidentialit\u00e9 - Tavfer","isPartOf":{"@id":"http:\/\/tavfer.com\/#website"},"datePublished":"2022-06-28T08:50:44+00:00","dateModified":"2023-03-31T12:12:38+00:00","breadcrumb":{"@id":"https:\/\/tavfer.com\/fr\/politique-de-confidentialite\/#breadcrumb"},"inLanguage":"fr-FR","potentialAction":[{"@type":"ReadAction","target":["https:\/\/tavfer.com\/fr\/politique-de-confidentialite\/"]}]},{"@type":"BreadcrumbList","@id":"https:\/\/tavfer.com\/fr\/politique-de-confidentialite\/#breadcrumb","itemListElement":[{"@type":"ListItem","position":1,"name":"Home","item":"https:\/\/tavfer.com\/"},{"@type":"ListItem","position":2,"name":"Politique de confidentialit\u00e9"}]}]}},"_links":{"self":[{"href":"http:\/\/tavfer.com\/fr\/wp-json\/wp\/v2\/pages\/1733","targetHints":{"allow":["GET"]}}],"collection":[{"href":"http:\/\/tavfer.com\/fr\/wp-json\/wp\/v2\/pages"}],"about":[{"href":"http:\/\/tavfer.com\/fr\/wp-json\/wp\/v2\/types\/page"}],"author":[{"embeddable":true,"href":"http:\/\/tavfer.com\/fr\/wp-json\/wp\/v2\/users\/1"}],"replies":[{"embeddable":true,"href":"http:\/\/tavfer.com\/fr\/wp-json\/wp\/v2\/comments?post=1733"}],"version-history":[{"count":2,"href":"http:\/\/tavfer.com\/fr\/wp-json\/wp\/v2\/pages\/1733\/revisions"}],"predecessor-version":[{"id":2247,"href":"http:\/\/tavfer.com\/fr\/wp-json\/wp\/v2\/pages\/1733\/revisions\/2247"}],"wp:attachment":[{"href":"http:\/\/tavfer.com\/fr\/wp-json\/wp\/v2\/media?parent=1733"}],"curies":[{"name":"wp","href":"https:\/\/api.w.org\/{rel}","templated":true}]}}