{"id":1759,"date":"2022-06-30T09:08:47","date_gmt":"2022-06-30T09:08:47","guid":{"rendered":"https:\/\/tavfer.com\/agroforestal\/"},"modified":"2023-03-31T12:12:32","modified_gmt":"2023-03-31T12:12:32","slug":"agroforestal","status":"publish","type":"page","link":"https:\/\/tavfer.com\/es\/areas-de-negocio\/agroforestal\/","title":{"rendered":"Agroforestal"},"content":{"rendered":"","protected":false},"excerpt":{"rendered":"","protected":false},"author":1,"featured_media":0,"parent":1770,"menu_order":6,"comment_status":"closed","ping_status":"closed","template":"","meta":{"_et_pb_use_builder":"on","_et_pb_old_content":"","_et_gb_content_width":"","om_disable_all_campaigns":false,"_monsterinsights_skip_tracking":false,"_monsterinsights_sitenote_active":false,"_monsterinsights_sitenote_note":"","_monsterinsights_sitenote_category":0,"footnotes":""},"class_list":["post-1759","page","type-page","status-publish","hentry"],"acf":[],"aioseo_notices":[],"yoast_head":"<!-- This site is optimized with the Yoast SEO plugin v19.3 - https:\/\/yoast.com\/wordpress\/plugins\/seo\/ -->\n<title>Agroforestal% -% Tavfer - Pasi\u00f3n por la tierra<\/title>\n<meta name=\"description\" content=\"La manzana bravo-esmolfe, la pera, el ar\u00e1ndano, la aceituna y el aceite de oliva, la almendra, el vino, los productos hort\u00edcolas son s\u00f3lo algunos ejemplos de diversidad.\" \/>\n<meta name=\"robots\" content=\"index, follow, max-snippet:-1, max-image-preview:large, max-video-preview:-1\" \/>\n<link rel=\"canonical\" href=\"https:\/\/tavfer.com\/es\/areas-de-negocio\/agroforestal\/\" \/>\n<meta property=\"og:locale\" content=\"es_ES\" \/>\n<meta property=\"og:type\" content=\"article\" \/>\n<meta property=\"og:title\" content=\"Agroforestal% -% Tavfer - Pasi\u00f3n por la tierra\" \/>\n<meta property=\"og:description\" content=\"La manzana bravo-esmolfe, la pera, el ar\u00e1ndano, la aceituna y el aceite de oliva, la almendra, el vino, los productos hort\u00edcolas son s\u00f3lo algunos ejemplos de diversidad.\" \/>\n<meta property=\"og:url\" content=\"https:\/\/tavfer.com\/es\/areas-de-negocio\/agroforestal\/\" \/>\n<meta property=\"og:site_name\" content=\"Tavfer\" \/>\n<meta property=\"article:publisher\" content=\"https:\/\/www.facebook.com\/grupotavfer\/\" \/>\n<meta property=\"article:modified_time\" content=\"2023-03-31T12:12:32+00:00\" \/>\n<meta name=\"twitter:card\" content=\"summary_large_image\" \/>\n<script type=\"application\/ld+json\" class=\"yoast-schema-graph\">{\"@context\":\"https:\/\/schema.org\",\"@graph\":[{\"@type\":\"Organization\",\"@id\":\"http:\/\/tavfer.com\/#organization\",\"name\":\"Grupo Tavfer\",\"url\":\"http:\/\/tavfer.com\/\",\"sameAs\":[\"https:\/\/www.linkedin.com\/company\/grupo-tavfer\",\"https:\/\/www.facebook.com\/grupotavfer\/\"],\"logo\":{\"@type\":\"ImageObject\",\"inLanguage\":\"es\",\"@id\":\"http:\/\/tavfer.com\/#\/schema\/logo\/image\/\",\"url\":\"https:\/\/tavfer.com\/wp-content\/uploads\/2022\/06\/logo-2.png\",\"contentUrl\":\"https:\/\/tavfer.com\/wp-content\/uploads\/2022\/06\/logo-2.png\",\"width\":333,\"height\":90,\"caption\":\"Grupo Tavfer\"},\"image\":{\"@id\":\"http:\/\/tavfer.com\/#\/schema\/logo\/image\/\"}},{\"@type\":\"WebSite\",\"@id\":\"http:\/\/tavfer.com\/#website\",\"url\":\"http:\/\/tavfer.com\/\",\"name\":\"Tavfer\",\"description\":\"Por si, crescemos juntos\",\"publisher\":{\"@id\":\"http:\/\/tavfer.com\/#organization\"},\"potentialAction\":[{\"@type\":\"SearchAction\",\"target\":{\"@type\":\"EntryPoint\",\"urlTemplate\":\"http:\/\/tavfer.com\/?s={search_term_string}\"},\"query-input\":\"required name=search_term_string\"}],\"inLanguage\":\"es\"},{\"@type\":\"WebPage\",\"@id\":\"https:\/\/tavfer.com\/es\/areas-de-negocio\/agroforestal\/\",\"url\":\"https:\/\/tavfer.com\/es\/areas-de-negocio\/agroforestal\/\",\"name\":\"Agroforestal% -% Tavfer - Pasi\u00f3n por la tierra\",\"isPartOf\":{\"@id\":\"http:\/\/tavfer.com\/#website\"},\"datePublished\":\"2022-06-30T09:08:47+00:00\",\"dateModified\":\"2023-03-31T12:12:32+00:00\",\"description\":\"La manzana bravo-esmolfe, la pera, el ar\u00e1ndano, la aceituna y el aceite de oliva, la almendra, el vino, los productos hort\u00edcolas son s\u00f3lo algunos ejemplos de diversidad.\",\"breadcrumb\":{\"@id\":\"https:\/\/tavfer.com\/es\/areas-de-negocio\/agroforestal\/#breadcrumb\"},\"inLanguage\":\"es\",\"potentialAction\":[{\"@type\":\"ReadAction\",\"target\":[\"https:\/\/tavfer.com\/es\/areas-de-negocio\/agroforestal\/\"]}]},{\"@type\":\"BreadcrumbList\",\"@id\":\"https:\/\/tavfer.com\/es\/areas-de-negocio\/agroforestal\/#breadcrumb\",\"itemListElement\":[{\"@type\":\"ListItem\",\"position\":1,\"name\":\"Home\",\"item\":\"https:\/\/tavfer.com\/\"},{\"@type\":\"ListItem\",\"position\":2,\"name\":\"\u00c1reas de negocio\",\"item\":\"https:\/\/tavfer.com\/es\/areas-de-negocio\/\"},{\"@type\":\"ListItem\",\"position\":3,\"name\":\"Agroforestal\"}]}]}<\/script>\n<!-- \/ Yoast SEO plugin. -->","yoast_head_json":{"title":"Agroforestal% -% Tavfer - Pasi\u00f3n por la tierra","description":"La manzana bravo-esmolfe, la pera, el ar\u00e1ndano, la aceituna y el aceite de oliva, la almendra, el vino, los productos hort\u00edcolas son s\u00f3lo algunos ejemplos de diversidad.","robots":{"index":"index","follow":"follow","max-snippet":"max-snippet:-1","max-image-preview":"max-image-preview:large","max-video-preview":"max-video-preview:-1"},"canonical":"https:\/\/tavfer.com\/es\/areas-de-negocio\/agroforestal\/","og_locale":"es_ES","og_type":"article","og_title":"Agroforestal% -% Tavfer - Pasi\u00f3n por la tierra","og_description":"La manzana bravo-esmolfe, la pera, el ar\u00e1ndano, la aceituna y el aceite de oliva, la almendra, el vino, los productos hort\u00edcolas son s\u00f3lo algunos ejemplos de diversidad.","og_url":"https:\/\/tavfer.com\/es\/areas-de-negocio\/agroforestal\/","og_site_name":"Tavfer","article_publisher":"https:\/\/www.facebook.com\/grupotavfer\/","article_modified_time":"2023-03-31T12:12:32+00:00","twitter_card":"summary_large_image","schema":{"@context":"https:\/\/schema.org","@graph":[{"@type":"Organization","@id":"http:\/\/tavfer.com\/#organization","name":"Grupo Tavfer","url":"http:\/\/tavfer.com\/","sameAs":["https:\/\/www.linkedin.com\/company\/grupo-tavfer","https:\/\/www.facebook.com\/grupotavfer\/"],"logo":{"@type":"ImageObject","inLanguage":"es","@id":"http:\/\/tavfer.com\/#\/schema\/logo\/image\/","url":"https:\/\/tavfer.com\/wp-content\/uploads\/2022\/06\/logo-2.png","contentUrl":"https:\/\/tavfer.com\/wp-content\/uploads\/2022\/06\/logo-2.png","width":333,"height":90,"caption":"Grupo Tavfer"},"image":{"@id":"http:\/\/tavfer.com\/#\/schema\/logo\/image\/"}},{"@type":"WebSite","@id":"http:\/\/tavfer.com\/#website","url":"http:\/\/tavfer.com\/","name":"Tavfer","description":"Por si, crescemos juntos","publisher":{"@id":"http:\/\/tavfer.com\/#organization"},"potentialAction":[{"@type":"SearchAction","target":{"@type":"EntryPoint","urlTemplate":"http:\/\/tavfer.com\/?s={search_term_string}"},"query-input":"required name=search_term_string"}],"inLanguage":"es"},{"@type":"WebPage","@id":"https:\/\/tavfer.com\/es\/areas-de-negocio\/agroforestal\/","url":"https:\/\/tavfer.com\/es\/areas-de-negocio\/agroforestal\/","name":"Agroforestal% -% Tavfer - Pasi\u00f3n por la tierra","isPartOf":{"@id":"http:\/\/tavfer.com\/#website"},"datePublished":"2022-06-30T09:08:47+00:00","dateModified":"2023-03-31T12:12:32+00:00","description":"La manzana bravo-esmolfe, la pera, el ar\u00e1ndano, la aceituna y el aceite de oliva, la almendra, el vino, los productos hort\u00edcolas son s\u00f3lo algunos ejemplos de diversidad.","breadcrumb":{"@id":"https:\/\/tavfer.com\/es\/areas-de-negocio\/agroforestal\/#breadcrumb"},"inLanguage":"es","potentialAction":[{"@type":"ReadAction","target":["https:\/\/tavfer.com\/es\/areas-de-negocio\/agroforestal\/"]}]},{"@type":"BreadcrumbList","@id":"https:\/\/tavfer.com\/es\/areas-de-negocio\/agroforestal\/#breadcrumb","itemListElement":[{"@type":"ListItem","position":1,"name":"Home","item":"https:\/\/tavfer.com\/"},{"@type":"ListItem","position":2,"name":"\u00c1reas de negocio","item":"https:\/\/tavfer.com\/es\/areas-de-negocio\/"},{"@type":"ListItem","position":3,"name":"Agroforestal"}]}]}},"_links":{"self":[{"href":"https:\/\/tavfer.com\/es\/wp-json\/wp\/v2\/pages\/1759","targetHints":{"allow":["GET"]}}],"collection":[{"href":"https:\/\/tavfer.com\/es\/wp-json\/wp\/v2\/pages"}],"about":[{"href":"https:\/\/tavfer.com\/es\/wp-json\/wp\/v2\/types\/page"}],"author":[{"embeddable":true,"href":"https:\/\/tavfer.com\/es\/wp-json\/wp\/v2\/users\/1"}],"replies":[{"embeddable":true,"href":"https:\/\/tavfer.com\/es\/wp-json\/wp\/v2\/comments?post=1759"}],"version-history":[{"count":1,"href":"https:\/\/tavfer.com\/es\/wp-json\/wp\/v2\/pages\/1759\/revisions"}],"predecessor-version":[{"id":1881,"href":"https:\/\/tavfer.com\/es\/wp-json\/wp\/v2\/pages\/1759\/revisions\/1881"}],"up":[{"embeddable":true,"href":"https:\/\/tavfer.com\/es\/wp-json\/wp\/v2\/pages\/1770"}],"wp:attachment":[{"href":"https:\/\/tavfer.com\/es\/wp-json\/wp\/v2\/media?parent=1759"}],"curies":[{"name":"wp","href":"https:\/\/api.w.org\/{rel}","templated":true}]}}