{"id":1730,"date":"2022-07-04T08:21:02","date_gmt":"2022-07-04T08:21:02","guid":{"rendered":"https:\/\/tavfer.com\/politique-en-matiere-de-cookies\/"},"modified":"2023-03-31T12:12:19","modified_gmt":"2023-03-31T12:12:19","slug":"politique-en-matiere-de-cookies","status":"publish","type":"page","link":"https:\/\/tavfer.com\/fr\/politique-en-matiere-de-cookies\/","title":{"rendered":"Politique en mati\u00e8re de cookies"},"content":{"rendered":"<p>[et_pb_section fb_built=&#8221;1&#8243; _builder_version=&#8221;4.16&#8243; custom_padding=&#8221;||72px|||&#8221; global_colors_info=&#8221;{}&#8221;][et_pb_row _builder_version=&#8221;4.17.4&#8243; background_size=&#8221;initial&#8221; background_position=&#8221;top_left&#8221; background_repeat=&#8221;repeat&#8221; max_width=&#8221;700px&#8221; global_colors_info=&#8221;{}&#8221;][et_pb_column type=&#8221;4_4&#8243; _builder_version=&#8221;4.16&#8243; custom_padding=&#8221;|||&#8221; global_colors_info=&#8221;{}&#8221; custom_padding__hover=&#8221;|||&#8221;][et_pb_text _builder_version=&#8221;4.17.6&#8243; background_size=&#8221;initial&#8221; background_position=&#8221;top_left&#8221; background_repeat=&#8221;repeat&#8221; hover_enabled=&#8221;0&#8243; global_colors_info=&#8221;{}&#8221; sticky_enabled=&#8221;0&#8243;]<!-- divi:heading --><\/p>\n<h1 class=\"entry-title\">Politique en mati\u00e8re de cookies<\/h1>\n<p>&nbsp;<\/p>\n<h2><\/h2>\n<h2><\/h2>\n<p><strong>1. Cookies<\/strong><\/p>\n<p>Afin de fournir un service plus personnalis\u00e9, le site tavfervinhos.com utilise des cookies pour collecter et stocker des informations. Un cookie est un petit fichier d&#8217;information qui est plac\u00e9 sur votre ordinateur et qui lui permet de m\u00e9moriser vos choix, vos dates et vos pr\u00e9c\u00e9dentes visites sur le site.<\/p>\n<p>\u00c0 tout moment, vous pouvez utiliser votre navigateur Internet pour d\u00e9cider de bloquer l&#8217;entr\u00e9e dans votre syst\u00e8me.<\/p>\n<p>Le refus d&#8217;utiliser des cookies sur le site web peut entra\u00eener l&#8217;impossibilit\u00e9 d&#8217;acc\u00e9der \u00e0 certaines de ses zones ou de recevoir des informations personnalis\u00e9es.<\/p>\n<p><strong>1.2 A quoi servent les cookies ?<\/strong><\/p>\n<p>Les cookies sont utilis\u00e9s pour aider \u00e0 d\u00e9terminer l&#8217;utilit\u00e9, l&#8217;int\u00e9r\u00eat et le nombre d&#8217;utilisations des sites web, permettant une navigation plus rapide et plus efficace et \u00e9liminant la n\u00e9cessit\u00e9 de saisir de mani\u00e8re r\u00e9p\u00e9t\u00e9e les m\u00eames informations.<\/p>\n<p>Quels types de cookies nous utilisons<\/p>\n<p><strong>1.2.1 Nos cookies ont diff\u00e9rentes fonctions :<\/strong><\/p>\n<p><strong>1.2.1.1 Cookies essentiels<\/strong><\/p>\n<p>Certains cookies sont indispensables pour acc\u00e9der \u00e0 des zones sp\u00e9cifiques de notre site web.<\/p>\n<p>Ils vous permettent de naviguer sur le site et d&#8217;utiliser ses applications, par exemple pour acc\u00e9der \u00e0 des zones s\u00e9curis\u00e9es du site en vous connectant. Sans ces cookies, les services qui le n\u00e9cessitent ne peuvent \u00eatre fournis.<\/p>\n<p><strong>1.2.1.2 Cookies analytiques<\/strong><\/p>\n<p>Nous utilisons ces cookies pour analyser la fa\u00e7on dont les utilisateurs utilisent le site et pour en contr\u00f4ler les performances. Cela nous permet de fournir une exp\u00e9rience de haute qualit\u00e9 en personnalisant notre offre et en identifiant et corrigeant rapidement tout probl\u00e8me qui survient. Par exemple, nous utilisons des cookies de performance pour savoir quelles pages sont les plus populaires, quelle m\u00e9thode de liaison des pages est la plus efficace, ou pour d\u00e9terminer pourquoi certaines pages re\u00e7oivent des messages d&#8217;erreur. Ces cookies sont uniquement utilis\u00e9s \u00e0 des fins de cr\u00e9ation et d&#8217;analyse statistique et ne collectent jamais d&#8217;informations personnelles.<\/p>\n<p><strong>1.2.1.3 Cookies de fonctionnalit\u00e9<\/strong><\/p>\n<p>Nous utilisons des cookies de fonctionnalit\u00e9 pour nous permettre de nous souvenir des pr\u00e9f\u00e9rences des utilisateurs.<\/p>\n<p><strong>1.2.2 Les cookies utilis\u00e9s peuvent \u00eatre :<\/strong><\/p>\n<p><strong>1.2.2.1 Cookies permanents<\/strong><\/p>\n<p>Ils sont stock\u00e9s dans le navigateur internet de vos appareils d&#8217;acc\u00e8s (pc, mobile et tablette) et sont utilis\u00e9s \u00e0 chaque fois que vous visitez \u00e0 nouveau le site.<\/p>\n<p><strong>1.2.2.2 Cookies de session<\/strong><\/p>\n<p>Ils sont temporaires, ils restent dans les cookies de votre navigateur internet jusqu&#8217;\u00e0 ce que vous quittiez le site. Les informations obtenues nous permettent d&#8217;identifier les probl\u00e8mes et de fournir une meilleure exp\u00e9rience de navigation.<\/p>\n<p><strong>1.2.2.3 L&#8217;utilisation des cookies peut \u00eatre bloqu\u00e9e.<\/strong><\/p>\n<p>Comme nous l&#8217;avons expliqu\u00e9, les cookies vous aident \u00e0 tirer le meilleur parti de nos sites web.<\/p>\n<p>Apr\u00e8s avoir consenti \u00e0 l&#8217;utilisation de cookies, vous pouvez toujours d\u00e9sactiver tout ou partie de nos cookies. Tous les navigateurs internet vous permettent d&#8217;accepter, de rejeter ou de supprimer les cookies en g\u00e9rant les param\u00e8tres de votre navigateur.<\/p>\n<p>Nous vous rappelons qu&#8217;en d\u00e9sactivant les cookies, certaines parties de notre site web peuvent ne pas fonctionner correctement.<\/p>\n<p><strong>1.2.2.4 Utilisation de cookies lors de l&#8217;ouverture de nos newsletters<\/strong><\/p>\n<p>Nos bulletins d&#8217;information peuvent, \u00e0 des fins statistiques, contenir un seul &#8220;pixel&#8221; qui nous permet de savoir s&#8217;ils sont ouverts et de v\u00e9rifier les clics sur les liens ou les publicit\u00e9s contenus dans le bulletin.<\/p>\n<p>Si vous \u00eates conduit sur nos pages web par un lien de la newsletter, vous nous autorisez \u00e9galement \u00e0 traiter et \u00e0 utiliser votre adresse IP, vos donn\u00e9es de localisation, vos balises web et des technologies similaires ; nous utilisons la collecte de ces informations pour v\u00e9rifier si les offres qui vous sont pr\u00e9sent\u00e9es correspondent \u00e0 vos pr\u00e9f\u00e9rences et pour am\u00e9liorer votre exp\u00e9rience de navigation.<\/p>\n<p><strong>1.2.2.5 Plus d&#8217;informations sur les cookies<\/strong><\/p>\n<p>Vous pouvez obtenir plus d&#8217;informations sur les cookies en cliquant sur le lien suivant : <strong><br \/>\n  <a href=\"http:\/\/www.allaboutcookies.org\/\">www.allaboutcookies.org<\/a><br \/>\n<\/strong><\/p>\n<p><strong>1.3 Qui aura acc\u00e8s \u00e0 mes donn\u00e9es ?<\/strong><\/p>\n<p>Toutes les informations sont confidentielles et utilis\u00e9es uniquement par <strong><br \/>\n  <em>Sociedade Agr\u00edcola Castro de Pena Alba, SA<\/em><br \/>\n<\/strong> pour le traitement de la r\u00e9servation et \u00e9ventuellement l&#8217;envoi de nouvelles. Il n&#8217;y a pas de cession d&#8217;informations \u00e0 des tiers.<\/p>\n<p><strong>1.4 Politique de confidentialit\u00e9 et de s\u00e9curit\u00e9 &#8211; Comment pouvez-vous \u00eatre inform\u00e9 de tout changement ?<\/strong><\/p>\n<p>A <strong><br \/>\n  <em>Sociedade Agr\u00edcola Castro de Pena Alba, SA<\/em><br \/>\n<\/strong> se r\u00e9serve le droit d&#8217;apporter des modifications ou des mises \u00e0 jour \u00e0 sa politique de confidentialit\u00e9, de s\u00e9curit\u00e9 et de protection des donn\u00e9es \u00e0 tout moment, et ces modifications seront d\u00fbment mises \u00e0 jour sur cette page. Nous vous sugg\u00e9rons de le consulter r\u00e9guli\u00e8rement pour \u00eatre au courant de tout changement.<\/p>\n<p><strong>1.5 Coordonn\u00e9es du propri\u00e9taire et du responsable du site web<\/strong><\/p>\n<p><strong><em>Sociedade Agr\u00edcola Castro de Pena Alba, SA<\/em><\/strong><\/p>\n<p>Rua Virg\u00edlio Correia, n\u00ba 41 2\u00ba Esquerdo 1600-221 Lisbonne &#8211; Portugal.<\/p>\n<p style=\"text-align: justify;\"><!-- \/divi:paragraph --><\/p>\n<p>[\/et_pb_text][\/et_pb_column][\/et_pb_row][\/et_pb_section]<\/p>\n","protected":false},"excerpt":{"rendered":"<p>Politique en mati\u00e8re de cookies &nbsp; 1. Cookies Afin de fournir un service plus personnalis\u00e9, le site tavfervinhos.com utilise des cookies pour collecter et stocker des informations. Un cookie est un petit fichier d&#8217;information qui est plac\u00e9 sur votre ordinateur et qui lui permet de m\u00e9moriser vos choix, vos dates et vos pr\u00e9c\u00e9dentes visites sur [&hellip;]<\/p>\n","protected":false},"author":1,"featured_media":0,"parent":0,"menu_order":20,"comment_status":"closed","ping_status":"closed","template":"","meta":{"_et_pb_use_builder":"on","_et_pb_old_content":"","_et_gb_content_width":"","om_disable_all_campaigns":false,"_monsterinsights_skip_tracking":false,"_monsterinsights_sitenote_active":false,"_monsterinsights_sitenote_note":"","_monsterinsights_sitenote_category":0,"footnotes":""},"class_list":["post-1730","page","type-page","status-publish","hentry"],"acf":[],"aioseo_notices":[],"yoast_head":"<!-- This site is optimized with the Yoast SEO plugin v19.3 - https:\/\/yoast.com\/wordpress\/plugins\/seo\/ -->\n<title>Politique en mati\u00e8re de cookies - Tavfer<\/title>\n<meta name=\"robots\" content=\"index, follow, max-snippet:-1, max-image-preview:large, max-video-preview:-1\" \/>\n<link rel=\"canonical\" href=\"https:\/\/tavfer.com\/fr\/politique-en-matiere-de-cookies\/\" \/>\n<meta property=\"og:locale\" content=\"fr_FR\" \/>\n<meta property=\"og:type\" content=\"article\" \/>\n<meta property=\"og:title\" content=\"Politique en mati\u00e8re de cookies - Tavfer\" \/>\n<meta property=\"og:description\" content=\"Politique en mati\u00e8re de cookies &nbsp; 1. Cookies Afin de fournir un service plus personnalis\u00e9, le site tavfervinhos.com utilise des cookies pour collecter et stocker des informations. Un cookie est un petit fichier d&#039;information qui est plac\u00e9 sur votre ordinateur et qui lui permet de m\u00e9moriser vos choix, vos dates et vos pr\u00e9c\u00e9dentes visites sur [&hellip;]\" \/>\n<meta property=\"og:url\" content=\"https:\/\/tavfer.com\/fr\/politique-en-matiere-de-cookies\/\" \/>\n<meta property=\"og:site_name\" content=\"Tavfer\" \/>\n<meta property=\"article:publisher\" content=\"https:\/\/www.facebook.com\/grupotavfer\/\" \/>\n<meta property=\"article:modified_time\" content=\"2023-03-31T12:12:19+00:00\" \/>\n<meta name=\"twitter:card\" content=\"summary_large_image\" \/>\n<meta name=\"twitter:label1\" content=\"Dur\u00e9e de lecture estim\u00e9e\" \/>\n\t<meta name=\"twitter:data1\" content=\"4 minutes\" \/>\n<script type=\"application\/ld+json\" class=\"yoast-schema-graph\">{\"@context\":\"https:\/\/schema.org\",\"@graph\":[{\"@type\":\"Organization\",\"@id\":\"http:\/\/tavfer.com\/#organization\",\"name\":\"Grupo Tavfer\",\"url\":\"http:\/\/tavfer.com\/\",\"sameAs\":[\"https:\/\/www.linkedin.com\/company\/grupo-tavfer\",\"https:\/\/www.facebook.com\/grupotavfer\/\"],\"logo\":{\"@type\":\"ImageObject\",\"inLanguage\":\"fr-FR\",\"@id\":\"http:\/\/tavfer.com\/#\/schema\/logo\/image\/\",\"url\":\"https:\/\/tavfer.com\/wp-content\/uploads\/2022\/06\/logo-2.png\",\"contentUrl\":\"https:\/\/tavfer.com\/wp-content\/uploads\/2022\/06\/logo-2.png\",\"width\":333,\"height\":90,\"caption\":\"Grupo Tavfer\"},\"image\":{\"@id\":\"http:\/\/tavfer.com\/#\/schema\/logo\/image\/\"}},{\"@type\":\"WebSite\",\"@id\":\"http:\/\/tavfer.com\/#website\",\"url\":\"http:\/\/tavfer.com\/\",\"name\":\"Tavfer\",\"description\":\"Por si, crescemos juntos\",\"publisher\":{\"@id\":\"http:\/\/tavfer.com\/#organization\"},\"potentialAction\":[{\"@type\":\"SearchAction\",\"target\":{\"@type\":\"EntryPoint\",\"urlTemplate\":\"http:\/\/tavfer.com\/?s={search_term_string}\"},\"query-input\":\"required name=search_term_string\"}],\"inLanguage\":\"fr-FR\"},{\"@type\":\"WebPage\",\"@id\":\"https:\/\/tavfer.com\/fr\/politique-en-matiere-de-cookies\/\",\"url\":\"https:\/\/tavfer.com\/fr\/politique-en-matiere-de-cookies\/\",\"name\":\"Politique en mati\u00e8re de cookies - Tavfer\",\"isPartOf\":{\"@id\":\"http:\/\/tavfer.com\/#website\"},\"datePublished\":\"2022-07-04T08:21:02+00:00\",\"dateModified\":\"2023-03-31T12:12:19+00:00\",\"breadcrumb\":{\"@id\":\"https:\/\/tavfer.com\/fr\/politique-en-matiere-de-cookies\/#breadcrumb\"},\"inLanguage\":\"fr-FR\",\"potentialAction\":[{\"@type\":\"ReadAction\",\"target\":[\"https:\/\/tavfer.com\/fr\/politique-en-matiere-de-cookies\/\"]}]},{\"@type\":\"BreadcrumbList\",\"@id\":\"https:\/\/tavfer.com\/fr\/politique-en-matiere-de-cookies\/#breadcrumb\",\"itemListElement\":[{\"@type\":\"ListItem\",\"position\":1,\"name\":\"Home\",\"item\":\"https:\/\/tavfer.com\/\"},{\"@type\":\"ListItem\",\"position\":2,\"name\":\"Politique en mati\u00e8re de cookies\"}]}]}<\/script>\n<!-- \/ Yoast SEO plugin. -->","yoast_head_json":{"title":"Politique en mati\u00e8re de cookies - Tavfer","robots":{"index":"index","follow":"follow","max-snippet":"max-snippet:-1","max-image-preview":"max-image-preview:large","max-video-preview":"max-video-preview:-1"},"canonical":"https:\/\/tavfer.com\/fr\/politique-en-matiere-de-cookies\/","og_locale":"fr_FR","og_type":"article","og_title":"Politique en mati\u00e8re de cookies - Tavfer","og_description":"Politique en mati\u00e8re de cookies &nbsp; 1. Cookies Afin de fournir un service plus personnalis\u00e9, le site tavfervinhos.com utilise des cookies pour collecter et stocker des informations. Un cookie est un petit fichier d'information qui est plac\u00e9 sur votre ordinateur et qui lui permet de m\u00e9moriser vos choix, vos dates et vos pr\u00e9c\u00e9dentes visites sur [&hellip;]","og_url":"https:\/\/tavfer.com\/fr\/politique-en-matiere-de-cookies\/","og_site_name":"Tavfer","article_publisher":"https:\/\/www.facebook.com\/grupotavfer\/","article_modified_time":"2023-03-31T12:12:19+00:00","twitter_card":"summary_large_image","twitter_misc":{"Dur\u00e9e de lecture estim\u00e9e":"4 minutes"},"schema":{"@context":"https:\/\/schema.org","@graph":[{"@type":"Organization","@id":"http:\/\/tavfer.com\/#organization","name":"Grupo Tavfer","url":"http:\/\/tavfer.com\/","sameAs":["https:\/\/www.linkedin.com\/company\/grupo-tavfer","https:\/\/www.facebook.com\/grupotavfer\/"],"logo":{"@type":"ImageObject","inLanguage":"fr-FR","@id":"http:\/\/tavfer.com\/#\/schema\/logo\/image\/","url":"https:\/\/tavfer.com\/wp-content\/uploads\/2022\/06\/logo-2.png","contentUrl":"https:\/\/tavfer.com\/wp-content\/uploads\/2022\/06\/logo-2.png","width":333,"height":90,"caption":"Grupo Tavfer"},"image":{"@id":"http:\/\/tavfer.com\/#\/schema\/logo\/image\/"}},{"@type":"WebSite","@id":"http:\/\/tavfer.com\/#website","url":"http:\/\/tavfer.com\/","name":"Tavfer","description":"Por si, crescemos juntos","publisher":{"@id":"http:\/\/tavfer.com\/#organization"},"potentialAction":[{"@type":"SearchAction","target":{"@type":"EntryPoint","urlTemplate":"http:\/\/tavfer.com\/?s={search_term_string}"},"query-input":"required name=search_term_string"}],"inLanguage":"fr-FR"},{"@type":"WebPage","@id":"https:\/\/tavfer.com\/fr\/politique-en-matiere-de-cookies\/","url":"https:\/\/tavfer.com\/fr\/politique-en-matiere-de-cookies\/","name":"Politique en mati\u00e8re de cookies - Tavfer","isPartOf":{"@id":"http:\/\/tavfer.com\/#website"},"datePublished":"2022-07-04T08:21:02+00:00","dateModified":"2023-03-31T12:12:19+00:00","breadcrumb":{"@id":"https:\/\/tavfer.com\/fr\/politique-en-matiere-de-cookies\/#breadcrumb"},"inLanguage":"fr-FR","potentialAction":[{"@type":"ReadAction","target":["https:\/\/tavfer.com\/fr\/politique-en-matiere-de-cookies\/"]}]},{"@type":"BreadcrumbList","@id":"https:\/\/tavfer.com\/fr\/politique-en-matiere-de-cookies\/#breadcrumb","itemListElement":[{"@type":"ListItem","position":1,"name":"Home","item":"https:\/\/tavfer.com\/"},{"@type":"ListItem","position":2,"name":"Politique en mati\u00e8re de cookies"}]}]}},"_links":{"self":[{"href":"https:\/\/tavfer.com\/fr\/wp-json\/wp\/v2\/pages\/1730","targetHints":{"allow":["GET"]}}],"collection":[{"href":"https:\/\/tavfer.com\/fr\/wp-json\/wp\/v2\/pages"}],"about":[{"href":"https:\/\/tavfer.com\/fr\/wp-json\/wp\/v2\/types\/page"}],"author":[{"embeddable":true,"href":"https:\/\/tavfer.com\/fr\/wp-json\/wp\/v2\/users\/1"}],"replies":[{"embeddable":true,"href":"https:\/\/tavfer.com\/fr\/wp-json\/wp\/v2\/comments?post=1730"}],"version-history":[{"count":2,"href":"https:\/\/tavfer.com\/fr\/wp-json\/wp\/v2\/pages\/1730\/revisions"}],"predecessor-version":[{"id":2027,"href":"https:\/\/tavfer.com\/fr\/wp-json\/wp\/v2\/pages\/1730\/revisions\/2027"}],"wp:attachment":[{"href":"https:\/\/tavfer.com\/fr\/wp-json\/wp\/v2\/media?parent=1730"}],"curies":[{"name":"wp","href":"https:\/\/api.w.org\/{rel}","templated":true}]}}