{"id":1750,"date":"2022-06-30T09:07:56","date_gmt":"2022-06-30T09:07:56","guid":{"rendered":"https:\/\/tavfer.com\/propriete\/"},"modified":"2023-03-31T12:12:34","modified_gmt":"2023-03-31T12:12:34","slug":"propriete","status":"publish","type":"page","link":"https:\/\/tavfer.com\/fr\/domaines-dactivite\/propriete\/","title":{"rendered":"Propri\u00e9t\u00e9"},"content":{"rendered":"","protected":false},"excerpt":{"rendered":"","protected":false},"author":1,"featured_media":0,"parent":1771,"menu_order":4,"comment_status":"closed","ping_status":"closed","template":"","meta":{"_et_pb_use_builder":"on","_et_pb_old_content":"","_et_gb_content_width":"","om_disable_all_campaigns":false,"_monsterinsights_skip_tracking":false,"_monsterinsights_sitenote_active":false,"_monsterinsights_sitenote_note":"","_monsterinsights_sitenote_category":0,"footnotes":""},"class_list":["post-1750","page","type-page","status-publish","hentry"],"acf":[],"aioseo_notices":[],"yoast_head":"<!-- This site is optimized with the Yoast SEO plugin v19.3 - https:\/\/yoast.com\/wordpress\/plugins\/seo\/ -->\n<title>Propri\u00e9t\u00e9% % -% Tavfer - La qualit\u00e9 dans la construction<\/title>\n<meta name=\"description\" content=\"Nous construisons tous types de biens immobiliers dans l&#039;ensemble du pays - logements, bureaux ou espaces commerciaux. Qualit\u00e9 garantie et respect des d\u00e9lais\" \/>\n<meta name=\"robots\" content=\"index, follow, max-snippet:-1, max-image-preview:large, max-video-preview:-1\" \/>\n<link rel=\"canonical\" href=\"https:\/\/tavfer.com\/fr\/domaines-dactivite\/propriete\/\" \/>\n<meta property=\"og:locale\" content=\"fr_FR\" \/>\n<meta property=\"og:type\" content=\"article\" \/>\n<meta property=\"og:title\" content=\"Propri\u00e9t\u00e9% % -% Tavfer - La qualit\u00e9 dans la construction\" \/>\n<meta property=\"og:description\" content=\"Nous construisons tous types de biens immobiliers dans l&#039;ensemble du pays - logements, bureaux ou espaces commerciaux. Qualit\u00e9 garantie et respect des d\u00e9lais\" \/>\n<meta property=\"og:url\" content=\"https:\/\/tavfer.com\/fr\/domaines-dactivite\/propriete\/\" \/>\n<meta property=\"og:site_name\" content=\"Tavfer\" \/>\n<meta property=\"article:publisher\" content=\"https:\/\/www.facebook.com\/grupotavfer\/\" \/>\n<meta property=\"article:modified_time\" content=\"2023-03-31T12:12:34+00:00\" \/>\n<meta name=\"twitter:card\" content=\"summary_large_image\" \/>\n<script type=\"application\/ld+json\" class=\"yoast-schema-graph\">{\"@context\":\"https:\/\/schema.org\",\"@graph\":[{\"@type\":\"Organization\",\"@id\":\"http:\/\/tavfer.com\/#organization\",\"name\":\"Grupo Tavfer\",\"url\":\"http:\/\/tavfer.com\/\",\"sameAs\":[\"https:\/\/www.linkedin.com\/company\/grupo-tavfer\",\"https:\/\/www.facebook.com\/grupotavfer\/\"],\"logo\":{\"@type\":\"ImageObject\",\"inLanguage\":\"fr-FR\",\"@id\":\"http:\/\/tavfer.com\/#\/schema\/logo\/image\/\",\"url\":\"https:\/\/tavfer.com\/wp-content\/uploads\/2022\/06\/logo-2.png\",\"contentUrl\":\"https:\/\/tavfer.com\/wp-content\/uploads\/2022\/06\/logo-2.png\",\"width\":333,\"height\":90,\"caption\":\"Grupo Tavfer\"},\"image\":{\"@id\":\"http:\/\/tavfer.com\/#\/schema\/logo\/image\/\"}},{\"@type\":\"WebSite\",\"@id\":\"http:\/\/tavfer.com\/#website\",\"url\":\"http:\/\/tavfer.com\/\",\"name\":\"Tavfer\",\"description\":\"Por si, crescemos juntos\",\"publisher\":{\"@id\":\"http:\/\/tavfer.com\/#organization\"},\"potentialAction\":[{\"@type\":\"SearchAction\",\"target\":{\"@type\":\"EntryPoint\",\"urlTemplate\":\"http:\/\/tavfer.com\/?s={search_term_string}\"},\"query-input\":\"required name=search_term_string\"}],\"inLanguage\":\"fr-FR\"},{\"@type\":\"WebPage\",\"@id\":\"https:\/\/tavfer.com\/fr\/domaines-dactivite\/propriete\/\",\"url\":\"https:\/\/tavfer.com\/fr\/domaines-dactivite\/propriete\/\",\"name\":\"Propri\u00e9t\u00e9% % -% Tavfer - La qualit\u00e9 dans la construction\",\"isPartOf\":{\"@id\":\"http:\/\/tavfer.com\/#website\"},\"datePublished\":\"2022-06-30T09:07:56+00:00\",\"dateModified\":\"2023-03-31T12:12:34+00:00\",\"description\":\"Nous construisons tous types de biens immobiliers dans l'ensemble du pays - logements, bureaux ou espaces commerciaux. Qualit\u00e9 garantie et respect des d\u00e9lais\",\"breadcrumb\":{\"@id\":\"https:\/\/tavfer.com\/fr\/domaines-dactivite\/propriete\/#breadcrumb\"},\"inLanguage\":\"fr-FR\",\"potentialAction\":[{\"@type\":\"ReadAction\",\"target\":[\"https:\/\/tavfer.com\/fr\/domaines-dactivite\/propriete\/\"]}]},{\"@type\":\"BreadcrumbList\",\"@id\":\"https:\/\/tavfer.com\/fr\/domaines-dactivite\/propriete\/#breadcrumb\",\"itemListElement\":[{\"@type\":\"ListItem\",\"position\":1,\"name\":\"Home\",\"item\":\"https:\/\/tavfer.com\/\"},{\"@type\":\"ListItem\",\"position\":2,\"name\":\"Domaines d&#8217;activit\u00e9\",\"item\":\"https:\/\/tavfer.com\/fr\/domaines-dactivite\/\"},{\"@type\":\"ListItem\",\"position\":3,\"name\":\"Propri\u00e9t\u00e9\"}]}]}<\/script>\n<!-- \/ Yoast SEO plugin. -->","yoast_head_json":{"title":"Propri\u00e9t\u00e9% % -% Tavfer - La qualit\u00e9 dans la construction","description":"Nous construisons tous types de biens immobiliers dans l'ensemble du pays - logements, bureaux ou espaces commerciaux. Qualit\u00e9 garantie et respect des d\u00e9lais","robots":{"index":"index","follow":"follow","max-snippet":"max-snippet:-1","max-image-preview":"max-image-preview:large","max-video-preview":"max-video-preview:-1"},"canonical":"https:\/\/tavfer.com\/fr\/domaines-dactivite\/propriete\/","og_locale":"fr_FR","og_type":"article","og_title":"Propri\u00e9t\u00e9% % -% Tavfer - La qualit\u00e9 dans la construction","og_description":"Nous construisons tous types de biens immobiliers dans l'ensemble du pays - logements, bureaux ou espaces commerciaux. Qualit\u00e9 garantie et respect des d\u00e9lais","og_url":"https:\/\/tavfer.com\/fr\/domaines-dactivite\/propriete\/","og_site_name":"Tavfer","article_publisher":"https:\/\/www.facebook.com\/grupotavfer\/","article_modified_time":"2023-03-31T12:12:34+00:00","twitter_card":"summary_large_image","schema":{"@context":"https:\/\/schema.org","@graph":[{"@type":"Organization","@id":"http:\/\/tavfer.com\/#organization","name":"Grupo Tavfer","url":"http:\/\/tavfer.com\/","sameAs":["https:\/\/www.linkedin.com\/company\/grupo-tavfer","https:\/\/www.facebook.com\/grupotavfer\/"],"logo":{"@type":"ImageObject","inLanguage":"fr-FR","@id":"http:\/\/tavfer.com\/#\/schema\/logo\/image\/","url":"https:\/\/tavfer.com\/wp-content\/uploads\/2022\/06\/logo-2.png","contentUrl":"https:\/\/tavfer.com\/wp-content\/uploads\/2022\/06\/logo-2.png","width":333,"height":90,"caption":"Grupo Tavfer"},"image":{"@id":"http:\/\/tavfer.com\/#\/schema\/logo\/image\/"}},{"@type":"WebSite","@id":"http:\/\/tavfer.com\/#website","url":"http:\/\/tavfer.com\/","name":"Tavfer","description":"Por si, crescemos juntos","publisher":{"@id":"http:\/\/tavfer.com\/#organization"},"potentialAction":[{"@type":"SearchAction","target":{"@type":"EntryPoint","urlTemplate":"http:\/\/tavfer.com\/?s={search_term_string}"},"query-input":"required name=search_term_string"}],"inLanguage":"fr-FR"},{"@type":"WebPage","@id":"https:\/\/tavfer.com\/fr\/domaines-dactivite\/propriete\/","url":"https:\/\/tavfer.com\/fr\/domaines-dactivite\/propriete\/","name":"Propri\u00e9t\u00e9% % -% Tavfer - La qualit\u00e9 dans la construction","isPartOf":{"@id":"http:\/\/tavfer.com\/#website"},"datePublished":"2022-06-30T09:07:56+00:00","dateModified":"2023-03-31T12:12:34+00:00","description":"Nous construisons tous types de biens immobiliers dans l'ensemble du pays - logements, bureaux ou espaces commerciaux. Qualit\u00e9 garantie et respect des d\u00e9lais","breadcrumb":{"@id":"https:\/\/tavfer.com\/fr\/domaines-dactivite\/propriete\/#breadcrumb"},"inLanguage":"fr-FR","potentialAction":[{"@type":"ReadAction","target":["https:\/\/tavfer.com\/fr\/domaines-dactivite\/propriete\/"]}]},{"@type":"BreadcrumbList","@id":"https:\/\/tavfer.com\/fr\/domaines-dactivite\/propriete\/#breadcrumb","itemListElement":[{"@type":"ListItem","position":1,"name":"Home","item":"https:\/\/tavfer.com\/"},{"@type":"ListItem","position":2,"name":"Domaines d&#8217;activit\u00e9","item":"https:\/\/tavfer.com\/fr\/domaines-dactivite\/"},{"@type":"ListItem","position":3,"name":"Propri\u00e9t\u00e9"}]}]}},"_links":{"self":[{"href":"https:\/\/tavfer.com\/fr\/wp-json\/wp\/v2\/pages\/1750","targetHints":{"allow":["GET"]}}],"collection":[{"href":"https:\/\/tavfer.com\/fr\/wp-json\/wp\/v2\/pages"}],"about":[{"href":"https:\/\/tavfer.com\/fr\/wp-json\/wp\/v2\/types\/page"}],"author":[{"embeddable":true,"href":"https:\/\/tavfer.com\/fr\/wp-json\/wp\/v2\/users\/1"}],"replies":[{"embeddable":true,"href":"https:\/\/tavfer.com\/fr\/wp-json\/wp\/v2\/comments?post=1750"}],"version-history":[{"count":1,"href":"https:\/\/tavfer.com\/fr\/wp-json\/wp\/v2\/pages\/1750\/revisions"}],"predecessor-version":[{"id":1872,"href":"https:\/\/tavfer.com\/fr\/wp-json\/wp\/v2\/pages\/1750\/revisions\/1872"}],"up":[{"embeddable":true,"href":"https:\/\/tavfer.com\/fr\/wp-json\/wp\/v2\/pages\/1771"}],"wp:attachment":[{"href":"https:\/\/tavfer.com\/fr\/wp-json\/wp\/v2\/media?parent=1750"}],"curies":[{"name":"wp","href":"https:\/\/api.w.org\/{rel}","templated":true}]}}