{"id":1763,"date":"2022-07-04T08:20:01","date_gmt":"2022-07-04T08:20:01","guid":{"rendered":"https:\/\/tavfer.com\/declaration-de-consentement\/"},"modified":"2023-03-31T12:12:19","modified_gmt":"2023-03-31T12:12:19","slug":"declaration-de-consentement","status":"publish","type":"page","link":"https:\/\/tavfer.com\/fr\/declaration-de-consentement\/","title":{"rendered":"D\u00e9claration de consentement"},"content":{"rendered":"<p>[et_pb_section fb_built=&#8221;1&#8243; _builder_version=&#8221;4.16&#8243; global_colors_info=&#8221;{}&#8221; custom_padding=&#8221;||72px|||&#8221;][et_pb_row _builder_version=&#8221;4.17.4&#8243; background_size=&#8221;initial&#8221; background_position=&#8221;top_left&#8221; background_repeat=&#8221;repeat&#8221; max_width=&#8221;700px&#8221; global_colors_info=&#8221;{}&#8221;][et_pb_column type=&#8221;4_4&#8243; _builder_version=&#8221;4.16&#8243; custom_padding=&#8221;|||&#8221; global_colors_info=&#8221;{}&#8221; custom_padding__hover=&#8221;|||&#8221;][et_pb_text _builder_version=&#8221;4.17.4&#8243; background_size=&#8221;initial&#8221; background_position=&#8221;top_left&#8221; background_repeat=&#8221;repeat&#8221; hover_enabled=&#8221;0&#8243; global_colors_info=&#8221;{}&#8221; sticky_enabled=&#8221;0&#8243;]<\/p>\n<p><!-- divi:heading --><\/p>\n<h1 class=\"entry-title\" style=\"text-align: center;\">D\u00e9claration de consentement<\/h1>\n<p>&nbsp;<\/p>\n<p class=\"has-text-align-center\" style=\"text-align: justify;\">Je consens \u00e0 ce que mes donn\u00e9es personnelles contenues dans la demande soient trait\u00e9es par des entreprises appartenant \u00e0 l&#8217;univers du groupe Tavfer.<\/p>\n<p class=\"has-text-align-center\" style=\"text-align: justify;\">Y compris l&#8217;enregistrement et le stockage dans une base de donn\u00e9es num\u00e9rique, aussi longtemps que n\u00e9cessaire, autorisant la transmission de ces donn\u00e9es \u00e0 toute soci\u00e9t\u00e9 dudit groupe.<\/p>\n<p class=\"has-text-align-center\" style=\"text-align: justify;\">Tavfer s&#8217;engage \u00e0 modifier ou \u00e0 supprimer les donn\u00e9es personnelles susmentionn\u00e9es de sa base de donn\u00e9es \u00e0 tout moment, \u00e0 la demande de l&#8217;int\u00e9ress\u00e9.<\/p>\n<p style=\"text-align: justify;\">\n<p style=\"text-align: justify;\">\n<p><!-- \/divi:paragraph --><\/p>\n<p>[\/et_pb_text][\/et_pb_column][\/et_pb_row][\/et_pb_section]<\/p>\n","protected":false},"excerpt":{"rendered":"<p>D\u00e9claration de consentement &nbsp; Je consens \u00e0 ce que mes donn\u00e9es personnelles contenues dans la demande soient trait\u00e9es par des entreprises appartenant \u00e0 l&#8217;univers du groupe Tavfer. Y compris l&#8217;enregistrement et le stockage dans une base de donn\u00e9es num\u00e9rique, aussi longtemps que n\u00e9cessaire, autorisant la transmission de ces donn\u00e9es \u00e0 toute soci\u00e9t\u00e9 dudit groupe. Tavfer [&hellip;]<\/p>\n","protected":false},"author":1,"featured_media":0,"parent":0,"menu_order":20,"comment_status":"closed","ping_status":"closed","template":"","meta":{"_et_pb_use_builder":"on","_et_pb_old_content":"","_et_gb_content_width":"","om_disable_all_campaigns":false,"_monsterinsights_skip_tracking":false,"_monsterinsights_sitenote_active":false,"_monsterinsights_sitenote_note":"","_monsterinsights_sitenote_category":0,"footnotes":""},"class_list":["post-1763","page","type-page","status-publish","hentry"],"acf":[],"aioseo_notices":[],"yoast_head":"<!-- This site is optimized with the Yoast SEO plugin v19.3 - https:\/\/yoast.com\/wordpress\/plugins\/seo\/ -->\n<title>D\u00e9claration de consentement - Tavfer<\/title>\n<meta name=\"robots\" content=\"index, follow, max-snippet:-1, max-image-preview:large, max-video-preview:-1\" \/>\n<link rel=\"canonical\" href=\"https:\/\/tavfer.com\/fr\/declaration-de-consentement\/\" \/>\n<meta property=\"og:locale\" content=\"fr_FR\" \/>\n<meta property=\"og:type\" content=\"article\" \/>\n<meta property=\"og:title\" content=\"D\u00e9claration de consentement - Tavfer\" \/>\n<meta property=\"og:description\" content=\"D\u00e9claration de consentement &nbsp; Je consens \u00e0 ce que mes donn\u00e9es personnelles contenues dans la demande soient trait\u00e9es par des entreprises appartenant \u00e0 l&#039;univers du groupe Tavfer. Y compris l&#039;enregistrement et le stockage dans une base de donn\u00e9es num\u00e9rique, aussi longtemps que n\u00e9cessaire, autorisant la transmission de ces donn\u00e9es \u00e0 toute soci\u00e9t\u00e9 dudit groupe. Tavfer [&hellip;]\" \/>\n<meta property=\"og:url\" content=\"https:\/\/tavfer.com\/fr\/declaration-de-consentement\/\" \/>\n<meta property=\"og:site_name\" content=\"Tavfer\" \/>\n<meta property=\"article:publisher\" content=\"https:\/\/www.facebook.com\/grupotavfer\/\" \/>\n<meta property=\"article:modified_time\" content=\"2023-03-31T12:12:19+00:00\" \/>\n<meta name=\"twitter:card\" content=\"summary_large_image\" \/>\n<meta name=\"twitter:label1\" content=\"Dur\u00e9e de lecture estim\u00e9e\" \/>\n\t<meta name=\"twitter:data1\" content=\"1 minute\" \/>\n<script type=\"application\/ld+json\" class=\"yoast-schema-graph\">{\"@context\":\"https:\/\/schema.org\",\"@graph\":[{\"@type\":\"Organization\",\"@id\":\"http:\/\/tavfer.com\/#organization\",\"name\":\"Grupo Tavfer\",\"url\":\"http:\/\/tavfer.com\/\",\"sameAs\":[\"https:\/\/www.linkedin.com\/company\/grupo-tavfer\",\"https:\/\/www.facebook.com\/grupotavfer\/\"],\"logo\":{\"@type\":\"ImageObject\",\"inLanguage\":\"fr-FR\",\"@id\":\"http:\/\/tavfer.com\/#\/schema\/logo\/image\/\",\"url\":\"https:\/\/tavfer.com\/wp-content\/uploads\/2022\/06\/logo-2.png\",\"contentUrl\":\"https:\/\/tavfer.com\/wp-content\/uploads\/2022\/06\/logo-2.png\",\"width\":333,\"height\":90,\"caption\":\"Grupo Tavfer\"},\"image\":{\"@id\":\"http:\/\/tavfer.com\/#\/schema\/logo\/image\/\"}},{\"@type\":\"WebSite\",\"@id\":\"http:\/\/tavfer.com\/#website\",\"url\":\"http:\/\/tavfer.com\/\",\"name\":\"Tavfer\",\"description\":\"Por si, crescemos juntos\",\"publisher\":{\"@id\":\"http:\/\/tavfer.com\/#organization\"},\"potentialAction\":[{\"@type\":\"SearchAction\",\"target\":{\"@type\":\"EntryPoint\",\"urlTemplate\":\"http:\/\/tavfer.com\/?s={search_term_string}\"},\"query-input\":\"required name=search_term_string\"}],\"inLanguage\":\"fr-FR\"},{\"@type\":\"WebPage\",\"@id\":\"https:\/\/tavfer.com\/fr\/declaration-de-consentement\/\",\"url\":\"https:\/\/tavfer.com\/fr\/declaration-de-consentement\/\",\"name\":\"D\u00e9claration de consentement - Tavfer\",\"isPartOf\":{\"@id\":\"http:\/\/tavfer.com\/#website\"},\"datePublished\":\"2022-07-04T08:20:01+00:00\",\"dateModified\":\"2023-03-31T12:12:19+00:00\",\"breadcrumb\":{\"@id\":\"https:\/\/tavfer.com\/fr\/declaration-de-consentement\/#breadcrumb\"},\"inLanguage\":\"fr-FR\",\"potentialAction\":[{\"@type\":\"ReadAction\",\"target\":[\"https:\/\/tavfer.com\/fr\/declaration-de-consentement\/\"]}]},{\"@type\":\"BreadcrumbList\",\"@id\":\"https:\/\/tavfer.com\/fr\/declaration-de-consentement\/#breadcrumb\",\"itemListElement\":[{\"@type\":\"ListItem\",\"position\":1,\"name\":\"Home\",\"item\":\"https:\/\/tavfer.com\/\"},{\"@type\":\"ListItem\",\"position\":2,\"name\":\"D\u00e9claration de consentement\"}]}]}<\/script>\n<!-- \/ Yoast SEO plugin. -->","yoast_head_json":{"title":"D\u00e9claration de consentement - Tavfer","robots":{"index":"index","follow":"follow","max-snippet":"max-snippet:-1","max-image-preview":"max-image-preview:large","max-video-preview":"max-video-preview:-1"},"canonical":"https:\/\/tavfer.com\/fr\/declaration-de-consentement\/","og_locale":"fr_FR","og_type":"article","og_title":"D\u00e9claration de consentement - Tavfer","og_description":"D\u00e9claration de consentement &nbsp; Je consens \u00e0 ce que mes donn\u00e9es personnelles contenues dans la demande soient trait\u00e9es par des entreprises appartenant \u00e0 l'univers du groupe Tavfer. Y compris l'enregistrement et le stockage dans une base de donn\u00e9es num\u00e9rique, aussi longtemps que n\u00e9cessaire, autorisant la transmission de ces donn\u00e9es \u00e0 toute soci\u00e9t\u00e9 dudit groupe. Tavfer [&hellip;]","og_url":"https:\/\/tavfer.com\/fr\/declaration-de-consentement\/","og_site_name":"Tavfer","article_publisher":"https:\/\/www.facebook.com\/grupotavfer\/","article_modified_time":"2023-03-31T12:12:19+00:00","twitter_card":"summary_large_image","twitter_misc":{"Dur\u00e9e de lecture estim\u00e9e":"1 minute"},"schema":{"@context":"https:\/\/schema.org","@graph":[{"@type":"Organization","@id":"http:\/\/tavfer.com\/#organization","name":"Grupo Tavfer","url":"http:\/\/tavfer.com\/","sameAs":["https:\/\/www.linkedin.com\/company\/grupo-tavfer","https:\/\/www.facebook.com\/grupotavfer\/"],"logo":{"@type":"ImageObject","inLanguage":"fr-FR","@id":"http:\/\/tavfer.com\/#\/schema\/logo\/image\/","url":"https:\/\/tavfer.com\/wp-content\/uploads\/2022\/06\/logo-2.png","contentUrl":"https:\/\/tavfer.com\/wp-content\/uploads\/2022\/06\/logo-2.png","width":333,"height":90,"caption":"Grupo Tavfer"},"image":{"@id":"http:\/\/tavfer.com\/#\/schema\/logo\/image\/"}},{"@type":"WebSite","@id":"http:\/\/tavfer.com\/#website","url":"http:\/\/tavfer.com\/","name":"Tavfer","description":"Por si, crescemos juntos","publisher":{"@id":"http:\/\/tavfer.com\/#organization"},"potentialAction":[{"@type":"SearchAction","target":{"@type":"EntryPoint","urlTemplate":"http:\/\/tavfer.com\/?s={search_term_string}"},"query-input":"required name=search_term_string"}],"inLanguage":"fr-FR"},{"@type":"WebPage","@id":"https:\/\/tavfer.com\/fr\/declaration-de-consentement\/","url":"https:\/\/tavfer.com\/fr\/declaration-de-consentement\/","name":"D\u00e9claration de consentement - Tavfer","isPartOf":{"@id":"http:\/\/tavfer.com\/#website"},"datePublished":"2022-07-04T08:20:01+00:00","dateModified":"2023-03-31T12:12:19+00:00","breadcrumb":{"@id":"https:\/\/tavfer.com\/fr\/declaration-de-consentement\/#breadcrumb"},"inLanguage":"fr-FR","potentialAction":[{"@type":"ReadAction","target":["https:\/\/tavfer.com\/fr\/declaration-de-consentement\/"]}]},{"@type":"BreadcrumbList","@id":"https:\/\/tavfer.com\/fr\/declaration-de-consentement\/#breadcrumb","itemListElement":[{"@type":"ListItem","position":1,"name":"Home","item":"https:\/\/tavfer.com\/"},{"@type":"ListItem","position":2,"name":"D\u00e9claration de consentement"}]}]}},"_links":{"self":[{"href":"https:\/\/tavfer.com\/fr\/wp-json\/wp\/v2\/pages\/1763","targetHints":{"allow":["GET"]}}],"collection":[{"href":"https:\/\/tavfer.com\/fr\/wp-json\/wp\/v2\/pages"}],"about":[{"href":"https:\/\/tavfer.com\/fr\/wp-json\/wp\/v2\/types\/page"}],"author":[{"embeddable":true,"href":"https:\/\/tavfer.com\/fr\/wp-json\/wp\/v2\/users\/1"}],"replies":[{"embeddable":true,"href":"https:\/\/tavfer.com\/fr\/wp-json\/wp\/v2\/comments?post=1763"}],"version-history":[{"count":7,"href":"https:\/\/tavfer.com\/fr\/wp-json\/wp\/v2\/pages\/1763\/revisions"}],"predecessor-version":[{"id":2063,"href":"https:\/\/tavfer.com\/fr\/wp-json\/wp\/v2\/pages\/1763\/revisions\/2063"}],"wp:attachment":[{"href":"https:\/\/tavfer.com\/fr\/wp-json\/wp\/v2\/media?parent=1763"}],"curies":[{"name":"wp","href":"https:\/\/api.w.org\/{rel}","templated":true}]}}